{"id":10419,"date":"2024-03-04T19:00:32","date_gmt":"2024-03-04T18:00:32","guid":{"rendered":"https:\/\/www.learn-to-care.eu\/?page_id=10419"},"modified":"2026-04-16T17:42:20","modified_gmt":"2026-04-16T15:42:20","slug":"kurserkrankungen-im-alter","status":"publish","type":"page","link":"https:\/\/www.learn-to-care.eu\/de\/kurserkrankungen-im-alter\/","title":{"rendered":"Kursseite Erkrankungen im Alter"},"content":{"rendered":"\n<section class=\"wp-block-uagb-section uagb-section__wrap uagb-section__background-image uagb-block-d65dbff0\"><div class=\"uagb-section__overlay\"><\/div><div class=\"uagb-section__inner-wrap\">\n<h1 class=\"wp-block-heading has-text-align-center\"><strong>Kursthema <\/strong><br><strong>Erkrankungen im Alter<\/strong><\/h1>\n<\/div><\/section>\n\n\n\n<div class=\"wp-block-uagb-container uagb-block-4652edb1 alignfull uagb-is-root-container\"><div class=\"uagb-container-inner-blocks-wrap\"><\/div><\/div>\n\n\n\n<div style=\"height:100px\" aria-hidden=\"true\" class=\"wp-block-spacer\"><\/div>\n\n\n\n<div class=\"wp-block-uagb-container uagb-block-a1a9b2c9 alignfull uagb-is-root-container\"><div class=\"uagb-container-inner-blocks-wrap\">\n<p>Willkommen im Kursblock \u201eTypische Erkrankungen im Alter\u201c! Mit zunehmendem Alter ver\u00e4ndern sich K\u00f6rper und Geist, und bestimmte Erkrankungen treten h\u00e4ufiger auf. In diesen beiden Kurseinheiten lernen Sie, welche typischen Alterskrankheiten <br>es gibt und wie sie sich auf den Alltag auswirken. Dieser Kurs hilft Ihnen, mit mehr Verst\u00e4ndnis und Sicherheit in Ihrer Rolle als Unterst\u00fctzer:in t\u00e4tig zu sein.<\/p>\n\n\n\n<h2 class=\"wp-block-heading\">Kurs\u00fcbersicht<\/h2>\n\n\n\n<h4 class=\"wp-block-heading\">2 Kurseinheiten<\/h4>\n\n\n<div class=\"learndash-wrap\"><div id=\"ld-course-list-content-a5296d4b71337adae344aa28765a2fa3\" class=\"ld-course-list-content\" data-shortcode-atts=\"{&quot;orderby&quot;:&quot;title&quot;,&quot;order&quot;:&quot;ASC&quot;,&quot;course_category_name&quot;:&quot;Erkrankungen im Alter&quot;,&quot;course_grid&quot;:&quot;true&quot;}\">\n\t\t\t<div class=\"ld-course-list-items row\">\n\t<!-- LearnDash Course Grid v1 --><div class=\"ld_course_grid col-sm-8 col-md-4 \">\n\t<article id=\"post-18214\" class=\" thumbnail course post-18214 sfwd-courses type-sfwd-courses status-publish has-post-thumbnail hentry ld_course_category-erkrankungen-im-alter\">\n\t\t\t\t\t\t\t\t<div class=\"ribbon\">\n\t\t\t\tFree\t\t\t<\/div>\n\t\t\t\n\t\t\t\t\t\t<a href=\"https:\/\/www.learn-to-care.eu\/de\/courses\/c1-1-erkrankungen-im-alter\/\" rel=\"bookmark\">\n\t\t\t\t<img loading=\"lazy\" decoding=\"async\" width=\"300\" height=\"300\" src=\"https:\/\/www.learn-to-care.eu\/wp-content\/uploads\/sites\/21\/2024\/09\/erkrankungen-im-alter.png\" class=\"attachment-medium size-medium wp-post-image\" alt=\"\" srcset=\"https:\/\/www.learn-to-care.eu\/wp-content\/uploads\/sites\/21\/2024\/09\/erkrankungen-im-alter.png 300w, https:\/\/www.learn-to-care.eu\/wp-content\/uploads\/sites\/21\/2024\/09\/erkrankungen-im-alter-150x150.png 150w, https:\/\/www.learn-to-care.eu\/wp-content\/uploads\/sites\/21\/2024\/09\/erkrankungen-im-alter-12x12.png 12w, https:\/\/www.learn-to-care.eu\/wp-content\/uploads\/sites\/21\/2024\/09\/erkrankungen-im-alter-100x100.png 100w\" sizes=\"auto, (max-width: 300px) 100vw, 300px\" \/>\t\t\t<\/a>\n\t\t\t\t\t\n\t\t\t\t\t<div class=\"caption\">\n\t\t\t\t<h3 class=\"entry-title\">Erkrankungen im Alter 1: Welche gibt es?<\/h3>\n\t\t\t\t\t\t\t\t<div class=\"ld_course_grid_button\"><a class=\"btn btn-primary\" role=\"button\" href=\"https:\/\/www.learn-to-care.eu\/de\/courses\/c1-1-erkrankungen-im-alter\/\" rel=\"bookmark\">Enroll Now<\/a><\/div>\n\t\t\t\t\t\t\t<\/div><!-- .entry-header -->\n\t\t\t<\/article><!-- #post-## -->\n<\/div><!-- .ld_course_grid -->\n<!-- LearnDash Course Grid v1 --><div class=\"ld_course_grid col-sm-8 col-md-4 \">\n\t<article id=\"post-92914\" class=\" thumbnail course post-92914 sfwd-courses type-sfwd-courses status-publish has-post-thumbnail hentry ld_course_category-erkrankungen-im-alter\">\n\t\t\t\t\t\t\t\t<div class=\"ribbon\">\n\t\t\t\tFree\t\t\t<\/div>\n\t\t\t\n\t\t\t\t\t\t<a href=\"https:\/\/www.learn-to-care.eu\/de\/courses\/erkrankungen-2\/\" rel=\"bookmark\">\n\t\t\t\t<img loading=\"lazy\" decoding=\"async\" width=\"300\" height=\"300\" src=\"https:\/\/www.learn-to-care.eu\/wp-content\/uploads\/sites\/21\/2024\/12\/was-kann-getan-werden.png\" class=\"attachment-medium size-medium wp-post-image\" alt=\"\" srcset=\"https:\/\/www.learn-to-care.eu\/wp-content\/uploads\/sites\/21\/2024\/12\/was-kann-getan-werden.png 300w, https:\/\/www.learn-to-care.eu\/wp-content\/uploads\/sites\/21\/2024\/12\/was-kann-getan-werden-150x150.png 150w, https:\/\/www.learn-to-care.eu\/wp-content\/uploads\/sites\/21\/2024\/12\/was-kann-getan-werden-12x12.png 12w, https:\/\/www.learn-to-care.eu\/wp-content\/uploads\/sites\/21\/2024\/12\/was-kann-getan-werden-100x100.png 100w\" sizes=\"auto, (max-width: 300px) 100vw, 300px\" \/>\t\t\t<\/a>\n\t\t\t\t\t\n\t\t\t\t\t<div class=\"caption\">\n\t\t\t\t<h3 class=\"entry-title\">Erkrankungen im Alter 2: Was kann getan werden?<\/h3>\n\t\t\t\t\t\t\t\t<div class=\"ld_course_grid_button\"><a class=\"btn btn-primary\" role=\"button\" href=\"https:\/\/www.learn-to-care.eu\/de\/courses\/erkrankungen-2\/\" rel=\"bookmark\">Enroll Now<\/a><\/div>\n\t\t\t\t\t\t\t<\/div><!-- .entry-header -->\n\t\t\t<\/article><!-- #post-## -->\n<\/div><!-- .ld_course_grid -->\n\t<\/div>\n\t\t\t<\/div>\n\t\t<\/div><\/div><\/div>\n\n\n\n<div class=\"wp-block-uagb-buttons uagb-buttons__outer-wrap uagb-btn__default-btn uagb-btn-tablet__default-btn uagb-btn-mobile__default-btn uagb-block-fecd8847\"><div class=\"uagb-buttons__wrap uagb-buttons-layout-wrap \">\n<div class=\"wp-block-uagb-buttons-child uagb-buttons__outer-wrap uagb-block-8a168caa wp-block-button\"><div class=\"uagb-button__wrapper\"><a class=\"uagb-buttons-repeater wp-block-button__link\" aria-label=\"\" href=\"https:\/\/www.learn-to-care.eu\/de\/forums\/Thema\/welche-anregungen-zu-erkrankungen-im-alter-koennenn-sie-anderen-weitergeben\/\" rel=\"follow noopener\" target=\"_self\" role=\"button\"><div class=\"uagb-button__link\">Zum Forum Erkrankungen im Alter<\/div><\/a><\/div><\/div>\n<\/div><\/div>\n\n\n\n<div style=\"height:100px\" aria-hidden=\"true\" class=\"wp-block-spacer\"><\/div>\n\n\n\n<div class=\"wp-block-uagb-buttons uagb-buttons__outer-wrap uagb-btn__default-btn uagb-btn-tablet__default-btn uagb-btn-mobile__default-btn uagb-block-8e217949\"><div class=\"uagb-buttons__wrap uagb-buttons-layout-wrap \"><\/div><\/div>\n\n\n\n<div style=\"height:100px\" aria-hidden=\"true\" class=\"wp-block-spacer\"><\/div>\n\n\n\n<p><\/p>\n\n\n\n<div class=\"wp-block-uagb-buttons uagb-buttons__outer-wrap uagb-btn__default-btn uagb-btn-tablet__default-btn uagb-btn-mobile__default-btn uagb-block-5d5fad49\"><div class=\"uagb-buttons__wrap uagb-buttons-layout-wrap \">\n<div class=\"wp-block-uagb-buttons-child uagb-buttons__outer-wrap uagb-block-58f048d1 wp-block-button\"><div class=\"uagb-button__wrapper\"><a class=\"uagb-buttons-repeater wp-block-button__link\" aria-label=\"\" href=\"https:\/\/www.learn-to-care.eu\/de\/kursangebot\/\" rel=\"follow noopener\" target=\"_self\" role=\"button\"><div class=\"uagb-button__link\">Zur\u00fcck zur Kurs\u00fcbersicht<\/div><\/a><\/div><\/div>\n<\/div><\/div>\n\n\n\n<div style=\"height:100px\" aria-hidden=\"true\" class=\"wp-block-spacer\"><\/div>\n","protected":false},"excerpt":{"rendered":"<p>Willkommen im Kursblock \u201eTypische Erkrankungen im Alter\u201c! Mit zunehmendem Alter ver\u00e4ndern sich K\u00f6rper und Geist, und bestimmte Erkrankungen treten h\u00e4ufiger auf. In diesen beiden Kurseinheiten lernen Sie, welche typischen Alterskrankheiten es gibt und wie sie sich auf den Alltag auswirken. Dieser Kurs hilft Ihnen, mit mehr Verst\u00e4ndnis und Sicherheit in Ihrer Rolle als Unterst\u00fctzer:in t\u00e4tig [&hellip;]<\/p>\n","protected":false},"author":2,"featured_media":0,"parent":0,"menu_order":0,"comment_status":"closed","ping_status":"closed","template":"","meta":{"_bbp_topic_count":0,"_bbp_reply_count":0,"_bbp_total_topic_count":0,"_bbp_total_reply_count":0,"_bbp_voice_count":0,"_bbp_anonymous_reply_count":0,"_bbp_topic_count_hidden":0,"_bbp_reply_count_hidden":0,"_bbp_forum_subforum_count":0,"_uag_custom_page_level_css":"","site-sidebar-layout":"default","site-content-layout":"","ast-site-content-layout":"default","site-content-style":"default","site-sidebar-style":"default","ast-global-header-display":"","ast-banner-title-visibility":"","ast-main-header-display":"","ast-hfb-above-header-display":"","ast-hfb-below-header-display":"","ast-hfb-mobile-header-display":"","site-post-title":"","ast-breadcrumbs-content":"","ast-featured-img":"","footer-sml-layout":"","ast-disable-related-posts":"","theme-transparent-header-meta":"","adv-header-id-meta":"","stick-header-meta":"","header-above-stick-meta":"","header-main-stick-meta":"","header-below-stick-meta":"","astra-migrate-meta-layouts":"set","ast-page-background-enabled":"default","ast-page-background-meta":{"desktop":{"background-color":"","background-image":"","background-repeat":"repeat","background-position":"center center","background-size":"auto","background-attachment":"scroll","background-type":"","background-media":"","overlay-type":"","overlay-color":"","overlay-opacity":"","overlay-gradient":""},"tablet":{"background-color":"","background-image":"","background-repeat":"repeat","background-position":"center center","background-size":"auto","background-attachment":"scroll","background-type":"","background-media":"","overlay-type":"","overlay-color":"","overlay-opacity":"","overlay-gradient":""},"mobile":{"background-color":"","background-image":"","background-repeat":"repeat","background-position":"center center","background-size":"auto","background-attachment":"scroll","background-type":"","background-media":"","overlay-type":"","overlay-color":"","overlay-opacity":"","overlay-gradient":""}},"ast-content-background-meta":{"desktop":{"background-color":"var(--ast-global-color-5)","background-image":"","background-repeat":"repeat","background-position":"center center","background-size":"auto","background-attachment":"scroll","background-type":"","background-media":"","overlay-type":"","overlay-color":"","overlay-opacity":"","overlay-gradient":""},"tablet":{"background-color":"var(--ast-global-color-5)","background-image":"","background-repeat":"repeat","background-position":"center center","background-size":"auto","background-attachment":"scroll","background-type":"","background-media":"","overlay-type":"","overlay-color":"","overlay-opacity":"","overlay-gradient":""},"mobile":{"background-color":"var(--ast-global-color-5)","background-image":"","background-repeat":"repeat","background-position":"center center","background-size":"auto","background-attachment":"scroll","background-type":"","background-media":"","overlay-type":"","overlay-color":"","overlay-opacity":"","overlay-gradient":""}},"footnotes":""},"class_list":["post-10419","page","type-page","status-publish","hentry"],"yoast_head":"<!-- This site is optimized with the Yoast SEO plugin v27.3 - https:\/\/yoast.com\/product\/yoast-seo-wordpress\/ -->\n<title>Kursseite Erkrankungen im Alter - Learn To Care<\/title>\n<meta name=\"robots\" content=\"index, follow, max-snippet:-1, max-image-preview:large, max-video-preview:-1\" \/>\n<link rel=\"canonical\" href=\"https:\/\/www.learn-to-care.eu\/de\/kurserkrankungen-im-alter\/\" \/>\n<meta property=\"og:locale\" content=\"de_DE\" \/>\n<meta property=\"og:type\" content=\"article\" \/>\n<meta property=\"og:title\" content=\"Kursseite Erkrankungen im Alter - Learn To Care\" \/>\n<meta property=\"og:description\" content=\"Willkommen im Kursblock \u201eTypische Erkrankungen im Alter\u201c! Mit zunehmendem Alter ver\u00e4ndern sich K\u00f6rper und Geist, und bestimmte Erkrankungen treten h\u00e4ufiger auf. In diesen beiden Kurseinheiten lernen Sie, welche typischen Alterskrankheiten es gibt und wie sie sich auf den Alltag auswirken. Dieser Kurs hilft Ihnen, mit mehr Verst\u00e4ndnis und Sicherheit in Ihrer Rolle als Unterst\u00fctzer:in t\u00e4tig [&hellip;]\" \/>\n<meta property=\"og:url\" content=\"https:\/\/www.learn-to-care.eu\/de\/kurserkrankungen-im-alter\/\" \/>\n<meta property=\"og:site_name\" content=\"Learn To Care\" \/>\n<meta property=\"article:modified_time\" content=\"2026-04-16T15:42:20+00:00\" \/>\n<meta name=\"twitter:card\" content=\"summary_large_image\" \/>\n<meta name=\"twitter:label1\" content=\"Gesch\u00e4tzte Lesezeit\" \/>\n\t<meta name=\"twitter:data1\" content=\"1\u00a0Minute\" \/>\n<script type=\"application\/ld+json\" class=\"yoast-schema-graph\">{\"@context\":\"https:\\\/\\\/schema.org\",\"@graph\":[{\"@type\":\"WebPage\",\"@id\":\"https:\\\/\\\/www.learn-to-care.eu\\\/kurserkrankungen-im-alter\\\/\",\"url\":\"https:\\\/\\\/www.learn-to-care.eu\\\/kurserkrankungen-im-alter\\\/\",\"name\":\"Kursseite Erkrankungen im Alter - Learn To Care\",\"isPartOf\":{\"@id\":\"https:\\\/\\\/www.learn-to-care.eu\\\/de\\\/#website\"},\"datePublished\":\"2024-03-04T18:00:32+00:00\",\"dateModified\":\"2026-04-16T15:42:20+00:00\",\"breadcrumb\":{\"@id\":\"https:\\\/\\\/www.learn-to-care.eu\\\/kurserkrankungen-im-alter\\\/#breadcrumb\"},\"inLanguage\":\"de\",\"potentialAction\":[{\"@type\":\"ReadAction\",\"target\":[\"https:\\\/\\\/www.learn-to-care.eu\\\/kurserkrankungen-im-alter\\\/\"]}]},{\"@type\":\"BreadcrumbList\",\"@id\":\"https:\\\/\\\/www.learn-to-care.eu\\\/kurserkrankungen-im-alter\\\/#breadcrumb\",\"itemListElement\":[{\"@type\":\"ListItem\",\"position\":1,\"name\":\"Startseite\",\"item\":\"https:\\\/\\\/www.learn-to-care.eu\\\/\"},{\"@type\":\"ListItem\",\"position\":2,\"name\":\"Kursseite Erkrankungen im Alter\"}]},{\"@type\":\"WebSite\",\"@id\":\"https:\\\/\\\/www.learn-to-care.eu\\\/de\\\/#website\",\"url\":\"https:\\\/\\\/www.learn-to-care.eu\\\/de\\\/\",\"name\":\"Learn To Care\",\"description\":\"Lernplattform von Zeitpolster\",\"publisher\":{\"@id\":\"https:\\\/\\\/www.learn-to-care.eu\\\/de\\\/#organization\"},\"potentialAction\":[{\"@type\":\"SearchAction\",\"target\":{\"@type\":\"EntryPoint\",\"urlTemplate\":\"https:\\\/\\\/www.learn-to-care.eu\\\/de\\\/?s={search_term_string}\"},\"query-input\":{\"@type\":\"PropertyValueSpecification\",\"valueRequired\":true,\"valueName\":\"search_term_string\"}}],\"inLanguage\":\"de\"},{\"@type\":\"Organization\",\"@id\":\"https:\\\/\\\/www.learn-to-care.eu\\\/de\\\/#organization\",\"name\":\"Learn To Care\",\"url\":\"https:\\\/\\\/www.learn-to-care.eu\\\/de\\\/\",\"logo\":{\"@type\":\"ImageObject\",\"inLanguage\":\"de\",\"@id\":\"https:\\\/\\\/www.learn-to-care.eu\\\/de\\\/#\\\/schema\\\/logo\\\/image\\\/\",\"url\":\"https:\\\/\\\/www.learn-to-care.eu\\\/wp-content\\\/uploads\\\/sites\\\/21\\\/2023\\\/02\\\/cropped-learntocare_logo_gruen-1.png\",\"contentUrl\":\"https:\\\/\\\/www.learn-to-care.eu\\\/wp-content\\\/uploads\\\/sites\\\/21\\\/2023\\\/02\\\/cropped-learntocare_logo_gruen-1.png\",\"width\":1876,\"height\":1876,\"caption\":\"Learn To Care\"},\"image\":{\"@id\":\"https:\\\/\\\/www.learn-to-care.eu\\\/de\\\/#\\\/schema\\\/logo\\\/image\\\/\"}}]}<\/script>\n<!-- \/ Yoast SEO plugin. -->","yoast_head_json":{"title":"Kursseite Erkrankungen im Alter - Learn To Care","robots":{"index":"index","follow":"follow","max-snippet":"max-snippet:-1","max-image-preview":"max-image-preview:large","max-video-preview":"max-video-preview:-1"},"canonical":"https:\/\/www.learn-to-care.eu\/de\/kurserkrankungen-im-alter\/","og_locale":"de_DE","og_type":"article","og_title":"Kursseite Erkrankungen im Alter - Learn To Care","og_description":"Willkommen im Kursblock \u201eTypische Erkrankungen im Alter\u201c! Mit zunehmendem Alter ver\u00e4ndern sich K\u00f6rper und Geist, und bestimmte Erkrankungen treten h\u00e4ufiger auf. In diesen beiden Kurseinheiten lernen Sie, welche typischen Alterskrankheiten es gibt und wie sie sich auf den Alltag auswirken. Dieser Kurs hilft Ihnen, mit mehr Verst\u00e4ndnis und Sicherheit in Ihrer Rolle als Unterst\u00fctzer:in t\u00e4tig [&hellip;]","og_url":"https:\/\/www.learn-to-care.eu\/de\/kurserkrankungen-im-alter\/","og_site_name":"Learn To Care","article_modified_time":"2026-04-16T15:42:20+00:00","twitter_card":"summary_large_image","twitter_misc":{"Gesch\u00e4tzte Lesezeit":"1\u00a0Minute"},"schema":{"@context":"https:\/\/schema.org","@graph":[{"@type":"WebPage","@id":"https:\/\/www.learn-to-care.eu\/kurserkrankungen-im-alter\/","url":"https:\/\/www.learn-to-care.eu\/kurserkrankungen-im-alter\/","name":"Kursseite Erkrankungen im Alter - Learn To Care","isPartOf":{"@id":"https:\/\/www.learn-to-care.eu\/de\/#website"},"datePublished":"2024-03-04T18:00:32+00:00","dateModified":"2026-04-16T15:42:20+00:00","breadcrumb":{"@id":"https:\/\/www.learn-to-care.eu\/kurserkrankungen-im-alter\/#breadcrumb"},"inLanguage":"de","potentialAction":[{"@type":"ReadAction","target":["https:\/\/www.learn-to-care.eu\/kurserkrankungen-im-alter\/"]}]},{"@type":"BreadcrumbList","@id":"https:\/\/www.learn-to-care.eu\/kurserkrankungen-im-alter\/#breadcrumb","itemListElement":[{"@type":"ListItem","position":1,"name":"Startseite","item":"https:\/\/www.learn-to-care.eu\/"},{"@type":"ListItem","position":2,"name":"Kursseite Erkrankungen im Alter"}]},{"@type":"WebSite","@id":"https:\/\/www.learn-to-care.eu\/de\/#website","url":"https:\/\/www.learn-to-care.eu\/de\/","name":"Learn To Care","description":"Lernplattform von Zeitpolster","publisher":{"@id":"https:\/\/www.learn-to-care.eu\/de\/#organization"},"potentialAction":[{"@type":"SearchAction","target":{"@type":"EntryPoint","urlTemplate":"https:\/\/www.learn-to-care.eu\/de\/?s={search_term_string}"},"query-input":{"@type":"PropertyValueSpecification","valueRequired":true,"valueName":"search_term_string"}}],"inLanguage":"de"},{"@type":"Organization","@id":"https:\/\/www.learn-to-care.eu\/de\/#organization","name":"Learn To Care","url":"https:\/\/www.learn-to-care.eu\/de\/","logo":{"@type":"ImageObject","inLanguage":"de","@id":"https:\/\/www.learn-to-care.eu\/de\/#\/schema\/logo\/image\/","url":"https:\/\/www.learn-to-care.eu\/wp-content\/uploads\/sites\/21\/2023\/02\/cropped-learntocare_logo_gruen-1.png","contentUrl":"https:\/\/www.learn-to-care.eu\/wp-content\/uploads\/sites\/21\/2023\/02\/cropped-learntocare_logo_gruen-1.png","width":1876,"height":1876,"caption":"Learn To Care"},"image":{"@id":"https:\/\/www.learn-to-care.eu\/de\/#\/schema\/logo\/image\/"}}]}},"featured_image_src":null,"featured_image_src_square":null,"uagb_featured_image_src":{"full":false,"thumbnail":false,"medium":false,"medium_large":false,"large":false,"1536x1536":false,"2048x2048":false,"trp-custom-language-flag":false,"gb-block-post-grid-landscape":false,"gb-block-post-grid-square":false,"woocommerce_thumbnail":false,"woocommerce_single":false,"woocommerce_gallery_thumbnail":false},"uagb_author_info":{"display_name":"Gernot Jochum-M\u00fcller","author_link":"https:\/\/www.learn-to-care.eu\/de\/author\/zeitpolster_gernot\/"},"uagb_comment_info":0,"uagb_excerpt":"Willkommen im Kursblock \u201eTypische Erkrankungen im Alter\u201c! Mit zunehmendem Alter ver\u00e4ndern sich K\u00f6rper und Geist, und bestimmte Erkrankungen treten h\u00e4ufiger auf. In diesen beiden Kurseinheiten lernen Sie, welche typischen Alterskrankheiten es gibt und wie sie sich auf den Alltag auswirken. Dieser Kurs hilft Ihnen, mit mehr Verst\u00e4ndnis und Sicherheit in Ihrer Rolle als Unterst\u00fctzer:in t\u00e4tig&hellip;","_links":{"self":[{"href":"https:\/\/www.learn-to-care.eu\/de\/wp-json\/wp\/v2\/pages\/10419","targetHints":{"allow":["GET"]}}],"collection":[{"href":"https:\/\/www.learn-to-care.eu\/de\/wp-json\/wp\/v2\/pages"}],"about":[{"href":"https:\/\/www.learn-to-care.eu\/de\/wp-json\/wp\/v2\/types\/page"}],"author":[{"embeddable":true,"href":"https:\/\/www.learn-to-care.eu\/de\/wp-json\/wp\/v2\/users\/2"}],"replies":[{"embeddable":true,"href":"https:\/\/www.learn-to-care.eu\/de\/wp-json\/wp\/v2\/comments?post=10419"}],"version-history":[{"count":11,"href":"https:\/\/www.learn-to-care.eu\/de\/wp-json\/wp\/v2\/pages\/10419\/revisions"}],"predecessor-version":[{"id":110949,"href":"https:\/\/www.learn-to-care.eu\/de\/wp-json\/wp\/v2\/pages\/10419\/revisions\/110949"}],"wp:attachment":[{"href":"https:\/\/www.learn-to-care.eu\/de\/wp-json\/wp\/v2\/media?parent=10419"}],"curies":[{"name":"wp","href":"https:\/\/api.w.org\/{rel}","templated":true}]}}