{"id":2020,"date":"2019-10-25T00:15:48","date_gmt":"2019-10-24T22:15:48","guid":{"rendered":"https:\/\/www.ins-netz.at\/zeit\/?page_id=2020"},"modified":"2025-01-31T08:47:14","modified_gmt":"2025-01-31T07:47:14","slug":"kontakt","status":"publish","type":"page","link":"https:\/\/www.learn-to-care.eu\/de\/kontakt\/","title":{"rendered":"Kontakt"},"content":{"rendered":"\n<section class=\"wp-block-uagb-section uagb-section__wrap uagb-section__background-image uagb-block-cee534ea\" id=\"uagb-section-6db760ed-a8c9-4a0b-995a-75a1a7ec7926\"><div class=\"uagb-section__overlay\"><\/div><div class=\"uagb-section__inner-wrap\">\n<div class=\"wp-block-uagb-advanced-heading uagb-block-8881f1a1\" id=\"uagb-adv-heading-5b48cb3a-1b95-410c-8f94-375a0dd0f9f7\"><h1 class=\"uagb-heading-text\">Kontakt<\/h1><\/div>\n<\/div><\/section>\n\n\n\n<section class=\"wp-block-uagb-section uagb-section__wrap uagb-section__background-none uagb-block-2443ab0a uagb-section__background-undefined\" id=\"uagb-section-28ba8623-617d-4cf2-af7b-cd473beea48d\"><div class=\"uagb-section__overlay\"><\/div><div class=\"uagb-section__inner-wrap\">\n<div class=\"wp-block-uagb-advanced-heading uagb-block-40af2dc6\" id=\"uagb-adv-heading-0e421539-c2de-4de9-aeac-8f68808033fe\"><h2 class=\"uagb-heading-text\">Schreiben Sie uns<\/h2><\/div>\n\n\n\n<div style=\"height:50px\" aria-hidden=\"true\" class=\"wp-block-spacer\"><\/div>\n\n\n\n<div class=\"wpcf7 no-js\" id=\"wpcf7-f6086-o1\" lang=\"de-DE\" dir=\"ltr\" data-wpcf7-id=\"6086\">\n<div class=\"screen-reader-response\"><p role=\"status\" aria-live=\"polite\" aria-atomic=\"true\"><\/p> <ul><\/ul><\/div>\n<form action=\"\/de\/wp-json\/wp\/v2\/pages\/2020#wpcf7-f6086-o1\" method=\"post\" class=\"wpcf7-form init\" aria-label=\"Kontaktformular\" novalidate=\"novalidate\" data-status=\"init\">\n<fieldset class=\"hidden-fields-container\"><input type=\"hidden\" name=\"_wpcf7\" value=\"6086\" \/><input type=\"hidden\" name=\"_wpcf7_version\" value=\"6.1.5\" \/><input type=\"hidden\" name=\"_wpcf7_locale\" value=\"de_DE\" \/><input type=\"hidden\" name=\"_wpcf7_unit_tag\" value=\"wpcf7-f6086-o1\" \/><input type=\"hidden\" name=\"_wpcf7_container_post\" value=\"0\" \/><input type=\"hidden\" name=\"_wpcf7_posted_data_hash\" value=\"\" \/><input type=\"hidden\" name=\"_wpcf7_recaptcha_response\" value=\"\" \/>\n<\/fieldset>\n<div class=\"form-group\">\n\t<p><label for=\"yourname\">Ihr Name*<\/label><br \/>\n<span class=\"wpcf7-form-control-wrap\" data-name=\"your-name\"><input size=\"40\" maxlength=\"400\" class=\"wpcf7-form-control wpcf7-text wpcf7-validates-as-required form-control\" id=\"yourname\" aria-required=\"true\" aria-invalid=\"false\" value=\"\" type=\"text\" name=\"your-name\" \/><\/span>\n\t<\/p>\n<\/div>\n<div class=\"form-group\">\n\t<p><label for=\"youremail\">Ihre E-Mail*<\/label><br \/>\n<span class=\"wpcf7-form-control-wrap\" data-name=\"your-email\"><input size=\"40\" maxlength=\"400\" class=\"wpcf7-form-control wpcf7-email wpcf7-validates-as-required wpcf7-text wpcf7-validates-as-email form-control\" id=\"youremail\" aria-required=\"true\" aria-invalid=\"false\" value=\"\" type=\"email\" name=\"your-email\" \/><\/span>\n\t<\/p>\n<\/div>\n<div class=\"form-group\">\n\t<p><label for=\"yourmessage\">Geben Sie bitte Ihre Telefonnummer an.*<\/label><br \/>\n<span class=\"wpcf7-form-control-wrap\" data-name=\"tel-880\"><input size=\"40\" maxlength=\"400\" class=\"wpcf7-form-control wpcf7-tel wpcf7-text wpcf7-validates-as-tel\" aria-invalid=\"false\" value=\"\" type=\"tel\" name=\"tel-880\" \/><\/span>\n\t<\/p>\n<\/div>\n<div class=\"form-group\">\n\t<p><label for=\"yourmessage\">Ihre Nachricht*<\/label><br \/>\n<span class=\"wpcf7-form-control-wrap\" data-name=\"your-message\"><textarea cols=\"40\" rows=\"10\" maxlength=\"2000\" class=\"wpcf7-form-control wpcf7-textarea wpcf7-validates-as-required form-control\" id=\"yourmessage\" aria-required=\"true\" aria-invalid=\"false\" name=\"your-message\"><\/textarea><\/span>\n\t<\/p>\n<\/div>\n<p><input class=\"wpcf7-form-control wpcf7-submit has-spinner btn\" type=\"submit\" value=\"Abschicken\" \/>\n<\/p><div class=\"wpcf7-response-output\" aria-hidden=\"true\"><\/div>\n<\/form>\n<\/div>\n\n<\/div><\/section>\n\n\n\n<section class=\"wp-block-uagb-section uagb-section__wrap uagb-section__background-none uagb-block-adb79b73 uagb-section__background-undefined\" id=\"uagb-section-28ba8623-617d-4cf2-af7b-cd473beea48d\"><div class=\"uagb-section__overlay\"><\/div><div class=\"uagb-section__inner-wrap\">\n<div class=\"wp-block-uagb-advanced-heading uagb-block-b50463c0\" id=\"uagb-adv-heading-0e421539-c2de-4de9-aeac-8f68808033fe\"><h2 class=\"uagb-heading-text\">Newsletter bestellen<\/h2><p class=\"uagb-desc-text\">In unregelm\u00e4\u00dfigen Abst\u00e4nden informieren wir Sie \u00fcber die Entwicklung des Projektes. Buchen Sie dazu unseren Newsletter!<\/p><\/div>\n\n\n\n\t\t<div class=\"gb-block-newsletter gb-form-styles \" style=\"\" >\n\t\t\t<form method=\"post\" action-xhr=\"https:\/\/www.learn-to-care.eu\/wp-admin\/admin-ajax.php\">\n\t\t\t\t<label for=\"gb-newsletter-email-address-0\" class=\"gb-newsletter-email-address-label\">Tragen Sie bitte Ihre Mailadresse ein<\/label>\n\t\t\t\t<input type=\"email\" id=\"gb-newsletter-email-address-0\" name=\"gb-newsletter-email-address\" class=\"gb-newsletter-email-address-input\" \/>\n\t\t\t\t<input class=\"gb-button gb-button-size-medium gb-button-shape-rounded   gb-newsletter-submit\" type=\"submit\" style=\"\"  value=\"Newsletter bestellen\"\/>\n\t\t\t\t<input type=\"hidden\" name=\"gb-newsletter-mailing-list-provider\" value=\"mailchimp\" \/>\n\t\t\t\t<input type=\"hidden\" name=\"gb-newsletter-mailing-list\" value=\"bc28ae758b\" \/>\n\t\t\t\t<input type=\"hidden\" name=\"gb-newsletter-success-message\" value=\"Danke f\u00fcr die Bestellung\" \/>\n\t\t\t\t<input type=\"hidden\" name=\"gb-newsletter-double-opt-in\" value=\"\" \/>\n\t\t\t\t<input type=\"hidden\" name=\"gb-newsletter-amp-endpoint-request\" value=\"\" \/>\n\t\t\t\t<input type=\"hidden\" name=\"gb-newsletter-form-nonce\" value=\"e71d650379\" \/>\n\t\t\t<\/form>\n\t\t\t<div class=\"gb-block-newsletter-errors\" style=\"display: none;\"><\/div>\n\t\t<\/div>\n\n\n<div style=\"height:87px\" aria-hidden=\"true\" class=\"wp-block-spacer\"><\/div>\n<\/div><\/section>\n\n\n\n<section class=\"wp-block-uagb-section uagb-section__wrap uagb-section__background-color uagb-block-ac2ac6dc\" id=\"uagb-section-4f4932b2-289f-4377-af72-836acccbea92\"><div class=\"uagb-section__overlay\"><\/div><div class=\"uagb-section__inner-wrap\">\n<section class=\"wp-block-uagb-columns uagb-columns__wrap uagb-columns__background-none uagb-columns__stack-mobile uagb-columns__valign- uagb-columns__gap-10 alignwide uagb-block-799733d1 uagb-columns__columns-2 uagb-columns__max_width-theme uagb-columns__background-undefined uagb-columns__valign-undefined\" id=\"uagb-columns-70d77474-383f-4ff6-a5c9-d22e41e5cad2\"><div class=\"uagb-columns__overlay\"><\/div><div class=\"uagb-columns__inner-wrap uagb-columns__columns-2\">\n<div class=\"wp-block-uagb-column uagb-column__wrap uagb-column__background-undefined uagb-block-be5d56b7\"><div class=\"uagb-column__overlay\"><\/div>\n<div class=\"wp-block-uagb-advanced-heading uagb-block-e5d16a62\" id=\"uagb-adv-heading-bb50fdb0-3cf2-4ac1-a3a5-d5911da63397\"><h2 class=\"uagb-heading-text\">Projektmanagement<\/h2><\/div>\n\n\n\n<div style=\"height:50px\" aria-hidden=\"true\" class=\"wp-block-spacer\"><\/div>\n\n\n\n<p style=\"font-size:22px\">Bildgasse 10<\/p>\n\n\n\n<p style=\"font-size:22px\">6850 Dornbirn, Austria<\/p>\n\n\n\n<p style=\"font-size:22px\">T +43 664 3456892<\/p>\n\n\n\n<p class=\"has-medium-font-size\"><a href=\"mailto:vorarlberg@zeitpolster.com\"><strong>vorarlberg@zeitpolster.com<\/strong><\/a><\/p>\n<\/div>\n\n\n\n<div class=\"wp-block-uagb-column uagb-column__wrap uagb-column__background-undefined uagb-block-ac519ce3\"><div class=\"uagb-column__overlay\"><\/div>\n<div style=\"height:50px\" aria-hidden=\"true\" class=\"wp-block-spacer\"><\/div>\n<\/div>\n<\/div><\/section>\n<\/div><\/section>\n\n\n\n<section class=\"wp-block-uagb-section uagb-section__wrap uagb-section__background-none uagb-block-4e2d5c04\" id=\"uagb-section-3e21b7d2-ea92-41d1-8dbf-830873cea300\"><div class=\"uagb-section__overlay\"><\/div><div class=\"uagb-section__inner-wrap\">\n<div class=\"wp-block-uagb-icon-list uagb-block-dbdd9f26 uagb-icon-list__outer-wrap uagb-icon-list__layout-horizontal uagb-icon-list__no-label\" id=\"uagb-icon-list-acdfb979-0ca9-4f9d-b5f2-2991fbf5fb20\"><div class=\"uagb-icon-list__wrap\">\n<div class=\"wp-block-uagb-icon-list-child uagb-block-b70b8d1b uagb-icon-list-repeater uagb-icon-list__wrapper\"><span class=\"uagb-icon-list__source-wrap\"><svg xmlns=\"https:\/\/www.w3.org\/2000\/svg\" viewBox=\"0 0 512 512\"><path d=\"M511.2 387l-23.25 100.8c-3.266 14.25-15.79 24.22-30.46 24.22C205.2 512 0 306.8 0 54.5c0-14.66 9.969-27.2 24.22-30.45l100.8-23.25C139.7-2.602 154.7 5.018 160.8 18.92l46.52 108.5c5.438 12.78 1.77 27.67-8.98 36.45L144.5 207.1c33.98 69.22 90.26 125.5 159.5 159.5l44.08-53.8c8.688-10.78 23.69-14.51 36.47-8.975l108.5 46.51C506.1 357.2 514.6 372.4 511.2 387z\"><\/path><\/svg><\/span><\/div>\n<\/div><\/div>\n\n\n\n<div style=\"height:50px\" aria-hidden=\"true\" class=\"wp-block-spacer\"><\/div>\n\n\n\n<div style=\"text-align:center\"><a href=\"tel:+43 664 3456 892\"><h1>0043 664 3456 892<\/h1><\/a><\/div>\n<\/div><\/section>\n\n\n\n<section class=\"wp-block-uagb-columns uagb-columns__wrap uagb-columns__background-none uagb-columns__stack-mobile uagb-columns__valign- uagb-columns__gap-10 align uagb-block-7cf37477 uagb-columns__columns-3 uagb-columns__max_width-theme uagb-columns__valign-undefined alignundefined\" id=\"uagb-columns-9b149aed-a85e-456c-8804-36a124e47cf1\"><div class=\"uagb-columns__overlay\"><\/div><div class=\"uagb-columns__inner-wrap uagb-columns__columns-3\">\n<div class=\"wp-block-uagb-column uagb-column__wrap uagb-column__background-undefined uagb-block-d66ad85b\"><div class=\"uagb-column__overlay\"><\/div>\n<p><\/p>\n<\/div>\n\n\n\n<div class=\"wp-block-uagb-column uagb-column__wrap uagb-column__background-undefined uagb-block-ed786dab\"><div class=\"uagb-column__overlay\"><\/div>\n<figure class=\"wp-block-image aligncenter size-large is-resized\"><img loading=\"lazy\" decoding=\"async\" width=\"1024\" height=\"1024\" src=\"https:\/\/www.learn-to-care.eu\/wp-content\/uploads\/sites\/21\/2023\/03\/learntocare_logo_gruen-1024x1024.png\" alt=\"\" class=\"wp-image-5921\" style=\"width:218px;height:218px\" srcset=\"https:\/\/www.learn-to-care.eu\/wp-content\/uploads\/sites\/21\/2023\/03\/learntocare_logo_gruen-1024x1024.png 1024w, https:\/\/www.learn-to-care.eu\/wp-content\/uploads\/sites\/21\/2023\/03\/learntocare_logo_gruen-300x300.png 300w, https:\/\/www.learn-to-care.eu\/wp-content\/uploads\/sites\/21\/2023\/03\/learntocare_logo_gruen-150x150.png 150w, https:\/\/www.learn-to-care.eu\/wp-content\/uploads\/sites\/21\/2023\/03\/learntocare_logo_gruen-768x768.png 768w, https:\/\/www.learn-to-care.eu\/wp-content\/uploads\/sites\/21\/2023\/03\/learntocare_logo_gruen-1536x1536.png 1536w, https:\/\/www.learn-to-care.eu\/wp-content\/uploads\/sites\/21\/2023\/03\/learntocare_logo_gruen-600x600.png 600w, https:\/\/www.learn-to-care.eu\/wp-content\/uploads\/sites\/21\/2023\/03\/learntocare_logo_gruen-100x100.png 100w, https:\/\/www.learn-to-care.eu\/wp-content\/uploads\/sites\/21\/2023\/03\/learntocare_logo_gruen.png 1876w\" sizes=\"auto, (max-width: 1024px) 100vw, 1024px\" \/><\/figure>\n\n\n\n<p class=\"has-text-align-center\" style=\"font-size:22px\"><\/p>\n\n\n\n<div style=\"height:20px\" aria-hidden=\"true\" class=\"wp-block-spacer\"><\/div>\n<\/div>\n\n\n\n<div class=\"wp-block-uagb-column uagb-column__wrap uagb-column__background-undefined uagb-block-6dceea4d\"><div class=\"uagb-column__overlay\"><\/div>\n<p><\/p>\n<\/div>\n<\/div><\/section>\n","protected":false},"excerpt":{"rendered":"","protected":false},"author":1,"featured_media":0,"parent":0,"menu_order":0,"comment_status":"closed","ping_status":"closed","template":"","meta":{"_bbp_topic_count":0,"_bbp_reply_count":0,"_bbp_total_topic_count":0,"_bbp_total_reply_count":0,"_bbp_voice_count":0,"_bbp_anonymous_reply_count":0,"_bbp_topic_count_hidden":0,"_bbp_reply_count_hidden":0,"_bbp_forum_subforum_count":0,"_uag_custom_page_level_css":"","site-sidebar-layout":"no-sidebar","site-content-layout":"page-builder","ast-site-content-layout":"full-width-container","site-content-style":"unboxed","site-sidebar-style":"unboxed","ast-global-header-display":"","ast-banner-title-visibility":"","ast-main-header-display":"","ast-hfb-above-header-display":"","ast-hfb-below-header-display":"","ast-hfb-mobile-header-display":"","site-post-title":"disabled","ast-breadcrumbs-content":"","ast-featured-img":"disabled","footer-sml-layout":"","ast-disable-related-posts":"","theme-transparent-header-meta":"disabled","adv-header-id-meta":"","stick-header-meta":"","header-above-stick-meta":"","header-main-stick-meta":"","header-below-stick-meta":"","astra-migrate-meta-layouts":"set","ast-page-background-enabled":"default","ast-page-background-meta":{"desktop":{"background-color":"","background-image":"","background-repeat":"repeat","background-position":"center center","background-size":"auto","background-attachment":"scroll","background-type":"","background-media":"","overlay-type":"","overlay-color":"","overlay-opacity":"","overlay-gradient":""},"tablet":{"background-color":"","background-image":"","background-repeat":"repeat","background-position":"center center","background-size":"auto","background-attachment":"scroll","background-type":"","background-media":"","overlay-type":"","overlay-color":"","overlay-opacity":"","overlay-gradient":""},"mobile":{"background-color":"","background-image":"","background-repeat":"repeat","background-position":"center center","background-size":"auto","background-attachment":"scroll","background-type":"","background-media":"","overlay-type":"","overlay-color":"","overlay-opacity":"","overlay-gradient":""}},"ast-content-background-meta":{"desktop":{"background-color":"var(--ast-global-color-5)","background-image":"","background-repeat":"repeat","background-position":"center center","background-size":"auto","background-attachment":"scroll","background-type":"","background-media":"","overlay-type":"","overlay-color":"","overlay-opacity":"","overlay-gradient":""},"tablet":{"background-color":"var(--ast-global-color-5)","background-image":"","background-repeat":"repeat","background-position":"center center","background-size":"auto","background-attachment":"scroll","background-type":"","background-media":"","overlay-type":"","overlay-color":"","overlay-opacity":"","overlay-gradient":""},"mobile":{"background-color":"var(--ast-global-color-5)","background-image":"","background-repeat":"repeat","background-position":"center center","background-size":"auto","background-attachment":"scroll","background-type":"","background-media":"","overlay-type":"","overlay-color":"","overlay-opacity":"","overlay-gradient":""}},"footnotes":""},"class_list":["post-2020","page","type-page","status-publish","hentry"],"yoast_head":"<!-- This site is optimized with the Yoast SEO plugin v27.3 - https:\/\/yoast.com\/product\/yoast-seo-wordpress\/ -->\n<title>Kontakt - Learn To Care<\/title>\n<meta name=\"description\" content=\"Wir beantworten gern alle Ihre Fragen. Melden Sie sich jederzeit entweder pers\u00f6nlich, telefonisch oder per E-Mail. Wir sind gerne f\u00fcr Sie da!\" \/>\n<meta name=\"robots\" content=\"index, follow, max-snippet:-1, max-image-preview:large, max-video-preview:-1\" \/>\n<link rel=\"canonical\" href=\"https:\/\/www.learn-to-care.eu\/de\/kontakt\/\" \/>\n<meta property=\"og:locale\" content=\"de_DE\" \/>\n<meta property=\"og:type\" content=\"article\" \/>\n<meta property=\"og:title\" content=\"Kontakt - Learn To Care\" \/>\n<meta property=\"og:description\" content=\"Wir beantworten gern alle Ihre Fragen. Melden Sie sich jederzeit entweder pers\u00f6nlich, telefonisch oder per E-Mail. Wir sind gerne f\u00fcr Sie da!\" \/>\n<meta property=\"og:url\" content=\"https:\/\/www.learn-to-care.eu\/de\/kontakt\/\" \/>\n<meta property=\"og:site_name\" content=\"Learn To Care\" \/>\n<meta property=\"article:modified_time\" content=\"2025-01-31T07:47:14+00:00\" \/>\n<meta property=\"og:image\" content=\"https:\/\/www.learn-to-care.eu\/wp-content\/uploads\/sites\/21\/2023\/03\/learntocare_logo_gruen-1024x1024.png\" \/>\n<meta name=\"twitter:card\" content=\"summary_large_image\" \/>\n<meta name=\"twitter:label1\" content=\"Gesch\u00e4tzte Lesezeit\" \/>\n\t<meta name=\"twitter:data1\" content=\"1\u00a0Minute\" \/>\n<script type=\"application\/ld+json\" class=\"yoast-schema-graph\">{\"@context\":\"https:\\\/\\\/schema.org\",\"@graph\":[{\"@type\":\"WebPage\",\"@id\":\"https:\\\/\\\/www.learn-to-care.eu\\\/kontakt\\\/\",\"url\":\"https:\\\/\\\/www.learn-to-care.eu\\\/kontakt\\\/\",\"name\":\"Kontakt - Learn To Care\",\"isPartOf\":{\"@id\":\"https:\\\/\\\/www.learn-to-care.eu\\\/de\\\/#website\"},\"primaryImageOfPage\":{\"@id\":\"https:\\\/\\\/www.learn-to-care.eu\\\/kontakt\\\/#primaryimage\"},\"image\":{\"@id\":\"https:\\\/\\\/www.learn-to-care.eu\\\/kontakt\\\/#primaryimage\"},\"thumbnailUrl\":\"https:\\\/\\\/www.learn-to-care.eu\\\/wp-content\\\/uploads\\\/sites\\\/21\\\/2023\\\/03\\\/learntocare_logo_gruen-1024x1024.png\",\"datePublished\":\"2019-10-24T22:15:48+00:00\",\"dateModified\":\"2025-01-31T07:47:14+00:00\",\"description\":\"Wir beantworten gern alle Ihre Fragen. Melden Sie sich jederzeit entweder pers\u00f6nlich, telefonisch oder per E-Mail. Wir sind gerne f\u00fcr Sie da!\",\"breadcrumb\":{\"@id\":\"https:\\\/\\\/www.learn-to-care.eu\\\/kontakt\\\/#breadcrumb\"},\"inLanguage\":\"de\",\"potentialAction\":[{\"@type\":\"ReadAction\",\"target\":[\"https:\\\/\\\/www.learn-to-care.eu\\\/kontakt\\\/\"]}]},{\"@type\":\"ImageObject\",\"inLanguage\":\"de\",\"@id\":\"https:\\\/\\\/www.learn-to-care.eu\\\/kontakt\\\/#primaryimage\",\"url\":\"https:\\\/\\\/www.learn-to-care.eu\\\/wp-content\\\/uploads\\\/sites\\\/21\\\/2023\\\/03\\\/learntocare_logo_gruen-1024x1024.png\",\"contentUrl\":\"https:\\\/\\\/www.learn-to-care.eu\\\/wp-content\\\/uploads\\\/sites\\\/21\\\/2023\\\/03\\\/learntocare_logo_gruen-1024x1024.png\"},{\"@type\":\"BreadcrumbList\",\"@id\":\"https:\\\/\\\/www.learn-to-care.eu\\\/kontakt\\\/#breadcrumb\",\"itemListElement\":[{\"@type\":\"ListItem\",\"position\":1,\"name\":\"Startseite\",\"item\":\"https:\\\/\\\/www.learn-to-care.eu\\\/\"},{\"@type\":\"ListItem\",\"position\":2,\"name\":\"Kontakt\"}]},{\"@type\":\"WebSite\",\"@id\":\"https:\\\/\\\/www.learn-to-care.eu\\\/de\\\/#website\",\"url\":\"https:\\\/\\\/www.learn-to-care.eu\\\/de\\\/\",\"name\":\"Learn To Care\",\"description\":\"Lernplattform von Zeitpolster\",\"publisher\":{\"@id\":\"https:\\\/\\\/www.learn-to-care.eu\\\/de\\\/#organization\"},\"potentialAction\":[{\"@type\":\"SearchAction\",\"target\":{\"@type\":\"EntryPoint\",\"urlTemplate\":\"https:\\\/\\\/www.learn-to-care.eu\\\/de\\\/?s={search_term_string}\"},\"query-input\":{\"@type\":\"PropertyValueSpecification\",\"valueRequired\":true,\"valueName\":\"search_term_string\"}}],\"inLanguage\":\"de\"},{\"@type\":\"Organization\",\"@id\":\"https:\\\/\\\/www.learn-to-care.eu\\\/de\\\/#organization\",\"name\":\"Learn To Care\",\"url\":\"https:\\\/\\\/www.learn-to-care.eu\\\/de\\\/\",\"logo\":{\"@type\":\"ImageObject\",\"inLanguage\":\"de\",\"@id\":\"https:\\\/\\\/www.learn-to-care.eu\\\/de\\\/#\\\/schema\\\/logo\\\/image\\\/\",\"url\":\"https:\\\/\\\/www.learn-to-care.eu\\\/wp-content\\\/uploads\\\/sites\\\/21\\\/2023\\\/02\\\/cropped-learntocare_logo_gruen-1.png\",\"contentUrl\":\"https:\\\/\\\/www.learn-to-care.eu\\\/wp-content\\\/uploads\\\/sites\\\/21\\\/2023\\\/02\\\/cropped-learntocare_logo_gruen-1.png\",\"width\":1876,\"height\":1876,\"caption\":\"Learn To Care\"},\"image\":{\"@id\":\"https:\\\/\\\/www.learn-to-care.eu\\\/de\\\/#\\\/schema\\\/logo\\\/image\\\/\"}}]}<\/script>\n<!-- \/ Yoast SEO plugin. -->","yoast_head_json":{"title":"Kontakt - Learn To Care","description":"Wir beantworten gern alle Ihre Fragen. Melden Sie sich jederzeit entweder pers\u00f6nlich, telefonisch oder per E-Mail. Wir sind gerne f\u00fcr Sie da!","robots":{"index":"index","follow":"follow","max-snippet":"max-snippet:-1","max-image-preview":"max-image-preview:large","max-video-preview":"max-video-preview:-1"},"canonical":"https:\/\/www.learn-to-care.eu\/de\/kontakt\/","og_locale":"de_DE","og_type":"article","og_title":"Kontakt - Learn To Care","og_description":"Wir beantworten gern alle Ihre Fragen. Melden Sie sich jederzeit entweder pers\u00f6nlich, telefonisch oder per E-Mail. Wir sind gerne f\u00fcr Sie da!","og_url":"https:\/\/www.learn-to-care.eu\/de\/kontakt\/","og_site_name":"Learn To Care","article_modified_time":"2025-01-31T07:47:14+00:00","og_image":[{"url":"https:\/\/www.learn-to-care.eu\/wp-content\/uploads\/sites\/21\/2023\/03\/learntocare_logo_gruen-1024x1024.png","type":"","width":"","height":""}],"twitter_card":"summary_large_image","twitter_misc":{"Gesch\u00e4tzte Lesezeit":"1\u00a0Minute"},"schema":{"@context":"https:\/\/schema.org","@graph":[{"@type":"WebPage","@id":"https:\/\/www.learn-to-care.eu\/kontakt\/","url":"https:\/\/www.learn-to-care.eu\/kontakt\/","name":"Kontakt - Learn To Care","isPartOf":{"@id":"https:\/\/www.learn-to-care.eu\/de\/#website"},"primaryImageOfPage":{"@id":"https:\/\/www.learn-to-care.eu\/kontakt\/#primaryimage"},"image":{"@id":"https:\/\/www.learn-to-care.eu\/kontakt\/#primaryimage"},"thumbnailUrl":"https:\/\/www.learn-to-care.eu\/wp-content\/uploads\/sites\/21\/2023\/03\/learntocare_logo_gruen-1024x1024.png","datePublished":"2019-10-24T22:15:48+00:00","dateModified":"2025-01-31T07:47:14+00:00","description":"Wir beantworten gern alle Ihre Fragen. Melden Sie sich jederzeit entweder pers\u00f6nlich, telefonisch oder per E-Mail. Wir sind gerne f\u00fcr Sie da!","breadcrumb":{"@id":"https:\/\/www.learn-to-care.eu\/kontakt\/#breadcrumb"},"inLanguage":"de","potentialAction":[{"@type":"ReadAction","target":["https:\/\/www.learn-to-care.eu\/kontakt\/"]}]},{"@type":"ImageObject","inLanguage":"de","@id":"https:\/\/www.learn-to-care.eu\/kontakt\/#primaryimage","url":"https:\/\/www.learn-to-care.eu\/wp-content\/uploads\/sites\/21\/2023\/03\/learntocare_logo_gruen-1024x1024.png","contentUrl":"https:\/\/www.learn-to-care.eu\/wp-content\/uploads\/sites\/21\/2023\/03\/learntocare_logo_gruen-1024x1024.png"},{"@type":"BreadcrumbList","@id":"https:\/\/www.learn-to-care.eu\/kontakt\/#breadcrumb","itemListElement":[{"@type":"ListItem","position":1,"name":"Startseite","item":"https:\/\/www.learn-to-care.eu\/"},{"@type":"ListItem","position":2,"name":"Kontakt"}]},{"@type":"WebSite","@id":"https:\/\/www.learn-to-care.eu\/de\/#website","url":"https:\/\/www.learn-to-care.eu\/de\/","name":"Learn To Care","description":"Lernplattform von Zeitpolster","publisher":{"@id":"https:\/\/www.learn-to-care.eu\/de\/#organization"},"potentialAction":[{"@type":"SearchAction","target":{"@type":"EntryPoint","urlTemplate":"https:\/\/www.learn-to-care.eu\/de\/?s={search_term_string}"},"query-input":{"@type":"PropertyValueSpecification","valueRequired":true,"valueName":"search_term_string"}}],"inLanguage":"de"},{"@type":"Organization","@id":"https:\/\/www.learn-to-care.eu\/de\/#organization","name":"Learn To Care","url":"https:\/\/www.learn-to-care.eu\/de\/","logo":{"@type":"ImageObject","inLanguage":"de","@id":"https:\/\/www.learn-to-care.eu\/de\/#\/schema\/logo\/image\/","url":"https:\/\/www.learn-to-care.eu\/wp-content\/uploads\/sites\/21\/2023\/02\/cropped-learntocare_logo_gruen-1.png","contentUrl":"https:\/\/www.learn-to-care.eu\/wp-content\/uploads\/sites\/21\/2023\/02\/cropped-learntocare_logo_gruen-1.png","width":1876,"height":1876,"caption":"Learn To Care"},"image":{"@id":"https:\/\/www.learn-to-care.eu\/de\/#\/schema\/logo\/image\/"}}]}},"featured_image_src":null,"featured_image_src_square":null,"uagb_featured_image_src":{"full":false,"thumbnail":false,"medium":false,"medium_large":false,"large":false,"1536x1536":false,"2048x2048":false,"trp-custom-language-flag":false,"gb-block-post-grid-landscape":false,"gb-block-post-grid-square":false,"woocommerce_thumbnail":false,"woocommerce_single":false,"woocommerce_gallery_thumbnail":false},"uagb_author_info":{"display_name":"wordpressadmin","author_link":"https:\/\/www.learn-to-care.eu\/de\/author\/wordpressadmin\/"},"uagb_comment_info":0,"uagb_excerpt":null,"_links":{"self":[{"href":"https:\/\/www.learn-to-care.eu\/de\/wp-json\/wp\/v2\/pages\/2020","targetHints":{"allow":["GET"]}}],"collection":[{"href":"https:\/\/www.learn-to-care.eu\/de\/wp-json\/wp\/v2\/pages"}],"about":[{"href":"https:\/\/www.learn-to-care.eu\/de\/wp-json\/wp\/v2\/types\/page"}],"author":[{"embeddable":true,"href":"https:\/\/www.learn-to-care.eu\/de\/wp-json\/wp\/v2\/users\/1"}],"replies":[{"embeddable":true,"href":"https:\/\/www.learn-to-care.eu\/de\/wp-json\/wp\/v2\/comments?post=2020"}],"version-history":[{"count":7,"href":"https:\/\/www.learn-to-care.eu\/de\/wp-json\/wp\/v2\/pages\/2020\/revisions"}],"predecessor-version":[{"id":106852,"href":"https:\/\/www.learn-to-care.eu\/de\/wp-json\/wp\/v2\/pages\/2020\/revisions\/106852"}],"wp:attachment":[{"href":"https:\/\/www.learn-to-care.eu\/de\/wp-json\/wp\/v2\/media?parent=2020"}],"curies":[{"name":"wp","href":"https:\/\/api.w.org\/{rel}","templated":true}]}}