{"id":107655,"date":"2025-02-12T16:33:54","date_gmt":"2025-02-12T15:33:54","guid":{"rendered":"https:\/\/www.learn-to-care.eu\/?page_id=107655"},"modified":"2025-02-12T16:33:55","modified_gmt":"2025-02-12T15:33:55","slug":"folgeseite-methodenkurse","status":"publish","type":"page","link":"https:\/\/www.learn-to-care.eu\/en\/folgeseite-methodenkurse\/","title":{"rendered":"Next page Method courses"},"content":{"rendered":"\n<div class=\"wp-block-uagb-container uagb-block-ae9219de alignfull uagb-is-root-container\"><div class=\"uagb-container-inner-blocks-wrap\">\n<h2 class=\"wp-block-heading has-text-color has-link-color wp-elements-d097dc94cdf731c2c0aeae025b564e8c\" style=\"color:#4e8517\">So geht es nach dem Kurs weiter<\/h2>\n\n\n\n<div style=\"height:50px\" aria-hidden=\"true\" class=\"wp-block-spacer\"><\/div>\n\n\n\n<p>Gratuliere, Sie haben einen unserer Methodenkurse absolviert. Bevor Sie an einem weiteren Kurs teilnemen oder eine Pause einlegen, geben Sie uns bitte ein Feedback und hinterlassen Sie gerne einen Beitrag im Forum. Unten haben wir f\u00fcr Sie noch passende Podcasts zum Thema zusammengestellt. Eine h\u00f6renswerte Erg\u00e4nzung zu den Kursen.<\/p>\n\n\n\n<div style=\"height:50px\" aria-hidden=\"true\" class=\"wp-block-spacer\"><\/div>\n\n\n\n<div class=\"wp-block-columns is-layout-flex wp-container-core-columns-is-layout-28f84493 wp-block-columns-is-layout-flex\">\n<div class=\"wp-block-column is-layout-flow wp-block-column-is-layout-flow\">\n<h2 class=\"wp-block-heading has-text-color has-link-color wp-elements-f52406915fabd57dd0645ca8a5b39cbc\" style=\"color:#4e8517\">Geben Sie uns bitte Feeback zum Kurs!<\/h2>\n\n\n<div class=\"frm_forms  with_frm_style frm_style_ltc\" id=\"frm_form_3_container\" data-token=\"dd7a2d262ee885578ab03bfeba00ce44\">\n<form enctype=\"multipart\/form-data\" method=\"post\" class=\"frm-show-form  frm_pro_form \" id=\"form_48xnz2\" data-token=\"dd7a2d262ee885578ab03bfeba00ce44\">\n<div class=\"frm_form_fields \">\n<fieldset>\n<legend class=\"frm_screen_reader\">Kursfeedback Methodenkurse<\/legend>\r\n\r\n<div class=\"frm_fields_container\">\n<input type=\"hidden\" name=\"frm_action\" value=\"create\" \/>\n<input type=\"hidden\" name=\"form_id\" value=\"3\" \/>\n<input type=\"hidden\" name=\"frm_hide_fields_3\" id=\"frm_hide_fields_3\" value=\"\" \/>\n<input type=\"hidden\" name=\"form_key\" value=\"48xnz2\" \/>\n<input type=\"hidden\" name=\"item_meta[0]\" value=\"\" \/>\n<input type=\"hidden\" id=\"frm_submit_entry_3\" name=\"frm_submit_entry_3\" value=\"31c4c8a986\" \/><input type=\"hidden\" name=\"_wp_http_referer\" value=\"\/en\/wp-json\/wp\/v2\/pages\/107655\" \/><div id=\"frm_field_13_container\" class=\"frm_form_field form-field  frm_top_container frm_four_col\">\r\n    <div  id=\"field_gizex2_label\" class=\"frm_primary_label\">Die Kursstruktur ist f\u00fcr mich\r\n        <span class=\"frm_required\" aria-hidden=\"true\"><\/span>\r\n    <\/div>\r\n    <div class=\"frm_opt_container\" aria-labelledby=\"field_gizex2_label\" role=\"radiogroup\">\t\t<div class=\"frm_radio\" id=\"frm_radio_13-4\">\t\t\t<label  for=\"field_gizex2-4\">\n\t\t\t\t\t<input type=\"radio\" name=\"item_meta[13]\" id=\"field_gizex2-4\" value=\"sehr gut aufgebaut\"\n\t\t data-invmsg=\"Die Kursstruktur ist f\u00fcr mich is invalid\"   \/> sehr gut aufgebaut<\/label><\/div>\n\t\t<div class=\"frm_radio\" id=\"frm_radio_13-1\">\t\t\t<label  for=\"field_gizex2-1\">\n\t\t\t\t\t<input type=\"radio\" name=\"item_meta[13]\" id=\"field_gizex2-1\" value=\"eher gut aufgebaut\"\n\t\t data-invmsg=\"Die Kursstruktur ist f\u00fcr mich is invalid\"   \/> eher gut aufgebaut<\/label><\/div>\n\t\t<div class=\"frm_radio\" id=\"frm_radio_13-2\">\t\t\t<label  for=\"field_gizex2-2\">\n\t\t\t\t\t<input type=\"radio\" name=\"item_meta[13]\" id=\"field_gizex2-2\" value=\"eher nicht gut aufgebaut\"\n\t\t data-invmsg=\"Die Kursstruktur ist f\u00fcr mich is invalid\"   \/> eher nicht gut aufgebaut<\/label><\/div>\n\t\t<div class=\"frm_radio\" id=\"frm_radio_13-3\">\t\t\t<label  for=\"field_gizex2-3\">\n\t\t\t\t\t<input type=\"radio\" name=\"item_meta[13]\" id=\"field_gizex2-3\" value=\"nicht gut aufgebaut\"\n\t\t data-invmsg=\"Die Kursstruktur ist f\u00fcr mich is invalid\"   \/> nicht gut aufgebaut<\/label><\/div>\n<\/div>\r\n    \r\n    \r\n<\/div>\n<div id=\"frm_field_14_container\" class=\"frm_form_field form-field  frm_top_container frm_four_col\">\r\n    <div  id=\"field_up0bk2_label\" class=\"frm_primary_label\">Der Kursinhalt ist f\u00fcr mich\r\n        <span class=\"frm_required\" aria-hidden=\"true\"><\/span>\r\n    <\/div>\r\n    <div class=\"frm_opt_container\" aria-labelledby=\"field_up0bk2_label\" role=\"radiogroup\">\t\t<div class=\"frm_radio\" id=\"frm_radio_14-0\">\t\t\t<label  for=\"field_up0bk2-0\">\n\t\t\t\t\t<input type=\"radio\" name=\"item_meta[14]\" id=\"field_up0bk2-0\" value=\"sehr gut zusammengestellt\"\n\t\t data-invmsg=\"Der Kursinhalt ist f\u00fcr mich is invalid\"   \/> sehr gut zusammengestellt<\/label><\/div>\n\t\t<div class=\"frm_radio\" id=\"frm_radio_14-1\">\t\t\t<label  for=\"field_up0bk2-1\">\n\t\t\t\t\t<input type=\"radio\" name=\"item_meta[14]\" id=\"field_up0bk2-1\" value=\"eher gut zusammengestellt\"\n\t\t data-invmsg=\"Der Kursinhalt ist f\u00fcr mich is invalid\"   \/> eher gut zusammengestellt<\/label><\/div>\n\t\t<div class=\"frm_radio\" id=\"frm_radio_14-2\">\t\t\t<label  for=\"field_up0bk2-2\">\n\t\t\t\t\t<input type=\"radio\" name=\"item_meta[14]\" id=\"field_up0bk2-2\" value=\"eher nicht gut zusammengestellt\"\n\t\t data-invmsg=\"Der Kursinhalt ist f\u00fcr mich is invalid\"   \/> eher nicht gut zusammengestellt<\/label><\/div>\n\t\t<div class=\"frm_radio\" id=\"frm_radio_14-3\">\t\t\t<label  for=\"field_up0bk2-3\">\n\t\t\t\t\t<input type=\"radio\" name=\"item_meta[14]\" id=\"field_up0bk2-3\" value=\"nicht gut zusammengestellt\"\n\t\t data-invmsg=\"Der Kursinhalt ist f\u00fcr mich is invalid\"   \/> nicht gut zusammengestellt<\/label><\/div>\n<\/div>\r\n    \r\n    \r\n<\/div>\n<div id=\"frm_field_15_container\" class=\"frm_form_field form-field  frm_top_container frm_four_col\">\r\n    <div  id=\"field_zham42_label\" class=\"frm_primary_label\">Das Gelernte kann ich f\u00fcr mich\r\n        <span class=\"frm_required\" aria-hidden=\"true\"><\/span>\r\n    <\/div>\r\n    <div class=\"frm_opt_container\" aria-labelledby=\"field_zham42_label\" role=\"radiogroup\">\t\t<div class=\"frm_radio\" id=\"frm_radio_15-0\">\t\t\t<label  for=\"field_zham42-0\">\n\t\t\t\t\t<input type=\"radio\" name=\"item_meta[15]\" id=\"field_zham42-0\" value=\"sehr gut verwenden\"\n\t\t data-invmsg=\"Das Gelernte kann ich f\u00fcr mich is invalid\"   \/> sehr gut verwenden<\/label><\/div>\n\t\t<div class=\"frm_radio\" id=\"frm_radio_15-1\">\t\t\t<label  for=\"field_zham42-1\">\n\t\t\t\t\t<input type=\"radio\" name=\"item_meta[15]\" id=\"field_zham42-1\" value=\"eher gut gut verwenden\"\n\t\t data-invmsg=\"Das Gelernte kann ich f\u00fcr mich is invalid\"   \/> eher gut gut verwenden<\/label><\/div>\n\t\t<div class=\"frm_radio\" id=\"frm_radio_15-2\">\t\t\t<label  for=\"field_zham42-2\">\n\t\t\t\t\t<input type=\"radio\" name=\"item_meta[15]\" id=\"field_zham42-2\" value=\"eher nicht gut verwenden\"\n\t\t data-invmsg=\"Das Gelernte kann ich f\u00fcr mich is invalid\"   \/> eher nicht gut verwenden<\/label><\/div>\n\t\t<div class=\"frm_radio\" id=\"frm_radio_15-3\">\t\t\t<label  for=\"field_zham42-3\">\n\t\t\t\t\t<input type=\"radio\" name=\"item_meta[15]\" id=\"field_zham42-3\" value=\"nicht gut verwenden\"\n\t\t data-invmsg=\"Das Gelernte kann ich f\u00fcr mich is invalid\"   \/> nicht gut verwenden<\/label><\/div>\n<\/div>\r\n    \r\n    \r\n<\/div>\n<div id=\"frm_field_16_container\" class=\"frm_form_field form-field  frm_top_container\">\r\n    <label for=\"field_66msy2\" id=\"field_66msy2_label\" class=\"frm_primary_label\">Geben Sie uns gerne Feedback\r\n        <span class=\"frm_required\" aria-hidden=\"true\"><\/span>\r\n    <\/label>\r\n    <input type=\"text\" id=\"field_66msy2\" name=\"item_meta[16]\" value=\"\"  data-invmsg=\"Geben Sie uns gerne Feedback ist ung\u00fcltig\" aria-invalid=\"false\"  \/>\r\n    \r\n    \r\n<\/div>\n<div id=\"frm_field_64_container\" class=\"frm_form_field form-field \">\r\n\t<div class=\"frm_submit frm_flex\">\r\n<button class=\"frm_button_submit frm_final_submit\" type=\"submit\"  >Senden<\/button>\r\n\r\n\r\n\r\n<\/div>\r\n<\/div>\n\t<input type=\"hidden\" name=\"item_key\" value=\"\" \/>\n\t\t\t<div id=\"frm_field_74_container\">\n\t\t\t<label for=\"field_q8vx\" >\n\t\t\t\tIf you are human, leave this field blank.\t\t\t<\/label>\n\t\t\t<input  id=\"field_q8vx\" type=\"text\" class=\"frm_form_field form-field frm_verify\" name=\"item_meta[74]\" value=\"\"  \/>\n\t\t<\/div>\n\t\t<input name=\"frm_state\" type=\"hidden\" value=\"HwEBFJU9Jrr1HIw9oYSDZ3VNwPCd8mpc0gf7qZpzsiZP\/MUtw5pryYUAJMd9\/CQQ\" \/><\/div>\n<\/fieldset>\n<\/div>\n\n<\/form>\n<\/div>\n<\/div>\n\n\n\n<div class=\"wp-block-column has-ast-global-color-4-background-color has-background is-layout-flow wp-block-column-is-layout-flow\">\n<h2 class=\"wp-block-heading has-text-color has-link-color wp-elements-66740d653f2ccffa8b49679df9221e93\" style=\"color:#4e8517\">Weiter zum Forum<\/h2>\n\n\n\n<div class=\"wp-block-cover gb-block-cta\" style=\"padding-top:2%;min-height:286px;aspect-ratio:unset;\"><span aria-hidden=\"true\" class=\"wp-block-cover__background has-ast-global-color-4-background-color has-background-dim-100 has-background-dim\"><\/span><div class=\"wp-block-cover__inner-container is-layout-flow wp-block-cover-is-layout-flow\">\n<p class=\"has-text-align-center has-text-color has-link-color wp-elements-bf8f6fa5c9ec3c3b4433cbb9a085915c\" style=\"color:#4e8517\"><strong>Jetzt Wissen teilen und Fragen stellen<\/strong><\/p>\n\n\n\n<p class=\"has-text-align-center\" style=\"line-height:1\">Diskutieren Sie mit im Forum!<\/p>\n\n\n\n<div class=\"wp-block-buttons is-content-justification-center is-layout-flex wp-container-core-buttons-is-layout-a89b3969 wp-block-buttons-is-layout-flex\">\n<div class=\"wp-block-button has-custom-font-size gb-block-button\" style=\"font-size:20px;line-height:1.2\"><a class=\"wp-block-button__link has-text-color has-background wp-element-button\" href=\"https:\/\/www.learn-to-care.eu\/forums\/Thema\/welches-sind-ihre-lieblingsmethoden\/\" style=\"border-radius:5px;color:#ffffff;background-color:#4e8517;padding-top:10px;padding-right:1em;padding-bottom:10px;padding-left:1em\">zum Forum Methodenkurse<\/a><\/div>\n<\/div>\n<\/div><\/div>\n<\/div>\n<\/div>\n\n\n\n<div style=\"height:50px\" aria-hidden=\"true\" class=\"wp-block-spacer\"><\/div>\n\n\n\n<div class=\"wp-block-group is-layout-constrained wp-block-group-is-layout-constrained\"><div class=\"wp-block-group__inner-container\">\n<h2 class=\"wp-block-heading has-text-color has-link-color wp-elements-ed461d70cfa83fd17afe764710cead38\" style=\"color:#4e8517\">Ausgew\u00e4lte Podcasts zu den Methodenkursen<\/h2>\n\n\n\n<div class=\"wp-block-columns is-layout-flex wp-container-core-columns-is-layout-28f84493 wp-block-columns-is-layout-flex\">\n<div class=\"wp-block-column is-layout-flow wp-block-column-is-layout-flow\">\n<p>Kunsttherapie im Hospiz<br><\/p>\n\n\n\n<figure class=\"wp-block-embed is-type-video is-provider-youtube wp-block-embed-youtube wp-embed-aspect-16-9 wp-has-aspect-ratio\"><div class=\"wp-block-embed__wrapper\">\n<iframe loading=\"lazy\" title=\"Kunsttherapie im Hospiz: Kreative Wege der Sterbebegleitung\" width=\"500\" height=\"281\" src=\"https:\/\/www.youtube.com\/embed\/g1cW0tLcWP8?feature=oembed\" frameborder=\"0\" allow=\"accelerometer; autoplay; clipboard-write; encrypted-media; gyroscope; picture-in-picture; web-share\" referrerpolicy=\"strict-origin-when-cross-origin\" allowfullscreen><\/iframe>\n<\/div><\/figure>\n<\/div>\n\n\n\n<div class=\"wp-block-column is-layout-flow wp-block-column-is-layout-flow\">\n<p>\u00dcber Ged\u00e4chtnistraining<br><\/p>\n\n\n\n<figure class=\"wp-block-embed is-type-video is-provider-youtube wp-block-embed-youtube wp-embed-aspect-16-9 wp-has-aspect-ratio\"><div class=\"wp-block-embed__wrapper\">\n<iframe loading=\"lazy\" title=\"Ged\u00e4chtnistraining - Learn to Care - Geschichten aus der Betreuung\" width=\"500\" height=\"281\" src=\"https:\/\/www.youtube.com\/embed\/_sjjsYCZvjk?feature=oembed\" frameborder=\"0\" allow=\"accelerometer; autoplay; clipboard-write; encrypted-media; gyroscope; picture-in-picture; web-share\" referrerpolicy=\"strict-origin-when-cross-origin\" allowfullscreen><\/iframe>\n<\/div><\/figure>\n<\/div>\n\n\n\n<div class=\"wp-block-column is-layout-flow wp-block-column-is-layout-flow\">\n<p>Wie Seelsorge im Alter hilft<br><\/p>\n\n\n\n<figure class=\"wp-block-embed is-type-video is-provider-youtube wp-block-embed-youtube wp-embed-aspect-16-9 wp-has-aspect-ratio\"><div class=\"wp-block-embed__wrapper\">\n<iframe loading=\"lazy\" title=\"Wie Seelsorge im Alter hilft - Learn to Care - Geschichten aus der Betreuung\" width=\"500\" height=\"281\" src=\"https:\/\/www.youtube.com\/embed\/taxHEw-SbEg?feature=oembed\" frameborder=\"0\" allow=\"accelerometer; autoplay; clipboard-write; encrypted-media; gyroscope; picture-in-picture; web-share\" referrerpolicy=\"strict-origin-when-cross-origin\" allowfullscreen><\/iframe>\n<\/div><\/figure>\n<\/div>\n<\/div>\n<\/div><\/div>\n\n\n\n<div style=\"height:80px\" aria-hidden=\"true\" class=\"wp-block-spacer\"><\/div>\n\n\n\n<div class=\"wp-block-columns is-layout-flex wp-container-core-columns-is-layout-28f84493 wp-block-columns-is-layout-flex\">\n<div class=\"wp-block-column is-layout-flow wp-block-column-is-layout-flow\">\n<div class=\"wp-block-buttons is-content-justification-center is-layout-flex wp-container-core-buttons-is-layout-a89b3969 wp-block-buttons-is-layout-flex\">\n<div class=\"wp-block-button is-style-fill\"><a class=\"wp-block-button__link has-white-color has-text-color has-background has-link-color has-text-align-center wp-element-button\" href=\"https:\/\/www.learn-to-care.eu\/de\/methoden\/\" style=\"background-color:#4e8517\">Kurs\u00fcbersicht Methodenkurse<\/a><\/div>\n<\/div>\n<\/div>\n\n\n\n<div class=\"wp-block-column is-layout-flow wp-block-column-is-layout-flow\">\n<div class=\"wp-block-uagb-buttons uagb-buttons__outer-wrap uagb-btn__default-btn uagb-btn-tablet__default-btn uagb-btn-mobile__default-btn uagb-block-b8e68779\"><div class=\"uagb-buttons__wrap uagb-buttons-layout-wrap \">\n<div class=\"wp-block-uagb-buttons-child uagb-buttons__outer-wrap uagb-block-94a7bbe1 wp-block-button\"><div class=\"uagb-button__wrapper\"><a class=\"uagb-buttons-repeater wp-block-button__link\" aria-label=\"\" href=\"https:\/\/www.learn-to-care.eu\/de\/mein-konto\/\" rel=\"follow noopener\" target=\"_self\" role=\"button\"><div class=\"uagb-button__link\">Mein Profil und alle Kurse<\/div><\/a><\/div><\/div>\n<\/div><\/div>\n<\/div>\n\n\n\n<div class=\"wp-block-column is-layout-flow wp-block-column-is-layout-flow\"><\/div>\n<\/div>\n<\/div><\/div>\n\n\n\n<div style=\"height:100px\" aria-hidden=\"true\" class=\"wp-block-spacer\"><\/div>\n\n\n\n<p><\/p>\n","protected":false},"excerpt":{"rendered":"<p>So geht es nach dem Kurs weiter Gratuliere, Sie haben einen unserer Methodenkurse absolviert. Bevor Sie an einem weiteren Kurs teilnemen oder eine Pause einlegen, geben Sie uns bitte ein Feedback und hinterlassen Sie gerne einen Beitrag im Forum. Unten haben wir f\u00fcr Sie noch passende Podcasts zum Thema zusammengestellt. Eine h\u00f6renswerte Erg\u00e4nzung zu den [&hellip;]<\/p>\n","protected":false},"author":2,"featured_media":0,"parent":0,"menu_order":0,"comment_status":"closed","ping_status":"closed","template":"","meta":{"_bbp_topic_count":0,"_bbp_reply_count":0,"_bbp_total_topic_count":0,"_bbp_total_reply_count":0,"_bbp_voice_count":0,"_bbp_anonymous_reply_count":0,"_bbp_topic_count_hidden":0,"_bbp_reply_count_hidden":0,"_bbp_forum_subforum_count":0,"_uag_custom_page_level_css":"","site-sidebar-layout":"default","site-content-layout":"","ast-site-content-layout":"default","site-content-style":"default","site-sidebar-style":"default","ast-global-header-display":"","ast-banner-title-visibility":"","ast-main-header-display":"","ast-hfb-above-header-display":"","ast-hfb-below-header-display":"","ast-hfb-mobile-header-display":"","site-post-title":"","ast-breadcrumbs-content":"","ast-featured-img":"","footer-sml-layout":"","ast-disable-related-posts":"","theme-transparent-header-meta":"","adv-header-id-meta":"","stick-header-meta":"","header-above-stick-meta":"","header-main-stick-meta":"","header-below-stick-meta":"","astra-migrate-meta-layouts":"set","ast-page-background-enabled":"default","ast-page-background-meta":{"desktop":{"background-color":"","background-image":"","background-repeat":"repeat","background-position":"center center","background-size":"auto","background-attachment":"scroll","background-type":"","background-media":"","overlay-type":"","overlay-color":"","overlay-opacity":"","overlay-gradient":""},"tablet":{"background-color":"","background-image":"","background-repeat":"repeat","background-position":"center center","background-size":"auto","background-attachment":"scroll","background-type":"","background-media":"","overlay-type":"","overlay-color":"","overlay-opacity":"","overlay-gradient":""},"mobile":{"background-color":"","background-image":"","background-repeat":"repeat","background-position":"center center","background-size":"auto","background-attachment":"scroll","background-type":"","background-media":"","overlay-type":"","overlay-color":"","overlay-opacity":"","overlay-gradient":""}},"ast-content-background-meta":{"desktop":{"background-color":"var(--ast-global-color-5)","background-image":"","background-repeat":"repeat","background-position":"center center","background-size":"auto","background-attachment":"scroll","background-type":"","background-media":"","overlay-type":"","overlay-color":"","overlay-opacity":"","overlay-gradient":""},"tablet":{"background-color":"var(--ast-global-color-5)","background-image":"","background-repeat":"repeat","background-position":"center center","background-size":"auto","background-attachment":"scroll","background-type":"","background-media":"","overlay-type":"","overlay-color":"","overlay-opacity":"","overlay-gradient":""},"mobile":{"background-color":"var(--ast-global-color-5)","background-image":"","background-repeat":"repeat","background-position":"center center","background-size":"auto","background-attachment":"scroll","background-type":"","background-media":"","overlay-type":"","overlay-color":"","overlay-opacity":"","overlay-gradient":""}},"footnotes":""},"class_list":["post-107655","page","type-page","status-publish","hentry"],"yoast_head":"<!-- This site is optimized with the Yoast SEO plugin v27.5 - https:\/\/yoast.com\/product\/yoast-seo-wordpress\/ -->\n<title>Folgeseite Methodenkurse - Learn To Care<\/title>\n<meta name=\"robots\" content=\"index, follow, max-snippet:-1, max-image-preview:large, max-video-preview:-1\" \/>\n<link rel=\"canonical\" href=\"https:\/\/www.learn-to-care.eu\/en\/folgeseite-methodenkurse\/\" \/>\n<meta property=\"og:locale\" content=\"en_GB\" \/>\n<meta property=\"og:type\" content=\"article\" \/>\n<meta property=\"og:title\" content=\"Folgeseite Methodenkurse - Learn To Care\" \/>\n<meta property=\"og:description\" content=\"So geht es nach dem Kurs weiter Gratuliere, Sie haben einen unserer Methodenkurse absolviert. Bevor Sie an einem weiteren Kurs teilnemen oder eine Pause einlegen, geben Sie uns bitte ein Feedback und hinterlassen Sie gerne einen Beitrag im Forum. Unten haben wir f\u00fcr Sie noch passende Podcasts zum Thema zusammengestellt. Eine h\u00f6renswerte Erg\u00e4nzung zu den [&hellip;]\" \/>\n<meta property=\"og:url\" content=\"https:\/\/www.learn-to-care.eu\/en\/folgeseite-methodenkurse\/\" \/>\n<meta property=\"og:site_name\" content=\"Learn To Care\" \/>\n<meta property=\"article:modified_time\" content=\"2025-02-12T15:33:55+00:00\" \/>\n<meta name=\"twitter:card\" content=\"summary_large_image\" \/>\n<meta name=\"twitter:label1\" content=\"Estimated reading time\" \/>\n\t<meta name=\"twitter:data1\" content=\"1 minute\" \/>\n<script type=\"application\/ld+json\" class=\"yoast-schema-graph\">{\"@context\":\"https:\\\/\\\/schema.org\",\"@graph\":[{\"@type\":\"WebPage\",\"@id\":\"https:\\\/\\\/www.learn-to-care.eu\\\/folgeseite-methodenkurse\\\/\",\"url\":\"https:\\\/\\\/www.learn-to-care.eu\\\/folgeseite-methodenkurse\\\/\",\"name\":\"Folgeseite Methodenkurse - Learn To Care\",\"isPartOf\":{\"@id\":\"https:\\\/\\\/www.learn-to-care.eu\\\/de\\\/#website\"},\"datePublished\":\"2025-02-12T15:33:54+00:00\",\"dateModified\":\"2025-02-12T15:33:55+00:00\",\"breadcrumb\":{\"@id\":\"https:\\\/\\\/www.learn-to-care.eu\\\/folgeseite-methodenkurse\\\/#breadcrumb\"},\"inLanguage\":\"en-GB\",\"potentialAction\":[{\"@type\":\"ReadAction\",\"target\":[\"https:\\\/\\\/www.learn-to-care.eu\\\/folgeseite-methodenkurse\\\/\"]}]},{\"@type\":\"BreadcrumbList\",\"@id\":\"https:\\\/\\\/www.learn-to-care.eu\\\/folgeseite-methodenkurse\\\/#breadcrumb\",\"itemListElement\":[{\"@type\":\"ListItem\",\"position\":1,\"name\":\"Startseite\",\"item\":\"https:\\\/\\\/www.learn-to-care.eu\\\/\"},{\"@type\":\"ListItem\",\"position\":2,\"name\":\"Folgeseite Methodenkurse\"}]},{\"@type\":\"WebSite\",\"@id\":\"https:\\\/\\\/www.learn-to-care.eu\\\/de\\\/#website\",\"url\":\"https:\\\/\\\/www.learn-to-care.eu\\\/de\\\/\",\"name\":\"Learn To Care\",\"description\":\"Lernplattform von Zeitpolster\",\"publisher\":{\"@id\":\"https:\\\/\\\/www.learn-to-care.eu\\\/de\\\/#organization\"},\"potentialAction\":[{\"@type\":\"SearchAction\",\"target\":{\"@type\":\"EntryPoint\",\"urlTemplate\":\"https:\\\/\\\/www.learn-to-care.eu\\\/de\\\/?s={search_term_string}\"},\"query-input\":{\"@type\":\"PropertyValueSpecification\",\"valueRequired\":true,\"valueName\":\"search_term_string\"}}],\"inLanguage\":\"en-GB\"},{\"@type\":\"Organization\",\"@id\":\"https:\\\/\\\/www.learn-to-care.eu\\\/de\\\/#organization\",\"name\":\"Learn To Care\",\"url\":\"https:\\\/\\\/www.learn-to-care.eu\\\/de\\\/\",\"logo\":{\"@type\":\"ImageObject\",\"inLanguage\":\"en-GB\",\"@id\":\"https:\\\/\\\/www.learn-to-care.eu\\\/de\\\/#\\\/schema\\\/logo\\\/image\\\/\",\"url\":\"https:\\\/\\\/www.learn-to-care.eu\\\/wp-content\\\/uploads\\\/sites\\\/21\\\/2023\\\/02\\\/cropped-learntocare_logo_gruen-1.png\",\"contentUrl\":\"https:\\\/\\\/www.learn-to-care.eu\\\/wp-content\\\/uploads\\\/sites\\\/21\\\/2023\\\/02\\\/cropped-learntocare_logo_gruen-1.png\",\"width\":1876,\"height\":1876,\"caption\":\"Learn To Care\"},\"image\":{\"@id\":\"https:\\\/\\\/www.learn-to-care.eu\\\/de\\\/#\\\/schema\\\/logo\\\/image\\\/\"}}]}<\/script>\n<!-- \/ Yoast SEO plugin. -->","yoast_head_json":{"title":"Folgeseite Methodenkurse - Learn To Care","robots":{"index":"index","follow":"follow","max-snippet":"max-snippet:-1","max-image-preview":"max-image-preview:large","max-video-preview":"max-video-preview:-1"},"canonical":"https:\/\/www.learn-to-care.eu\/en\/folgeseite-methodenkurse\/","og_locale":"en_GB","og_type":"article","og_title":"Folgeseite Methodenkurse - Learn To Care","og_description":"So geht es nach dem Kurs weiter Gratuliere, Sie haben einen unserer Methodenkurse absolviert. Bevor Sie an einem weiteren Kurs teilnemen oder eine Pause einlegen, geben Sie uns bitte ein Feedback und hinterlassen Sie gerne einen Beitrag im Forum. Unten haben wir f\u00fcr Sie noch passende Podcasts zum Thema zusammengestellt. Eine h\u00f6renswerte Erg\u00e4nzung zu den [&hellip;]","og_url":"https:\/\/www.learn-to-care.eu\/en\/folgeseite-methodenkurse\/","og_site_name":"Learn To Care","article_modified_time":"2025-02-12T15:33:55+00:00","twitter_card":"summary_large_image","twitter_misc":{"Estimated reading time":"1 minute"},"schema":{"@context":"https:\/\/schema.org","@graph":[{"@type":"WebPage","@id":"https:\/\/www.learn-to-care.eu\/folgeseite-methodenkurse\/","url":"https:\/\/www.learn-to-care.eu\/folgeseite-methodenkurse\/","name":"Folgeseite Methodenkurse - Learn To Care","isPartOf":{"@id":"https:\/\/www.learn-to-care.eu\/de\/#website"},"datePublished":"2025-02-12T15:33:54+00:00","dateModified":"2025-02-12T15:33:55+00:00","breadcrumb":{"@id":"https:\/\/www.learn-to-care.eu\/folgeseite-methodenkurse\/#breadcrumb"},"inLanguage":"en-GB","potentialAction":[{"@type":"ReadAction","target":["https:\/\/www.learn-to-care.eu\/folgeseite-methodenkurse\/"]}]},{"@type":"BreadcrumbList","@id":"https:\/\/www.learn-to-care.eu\/folgeseite-methodenkurse\/#breadcrumb","itemListElement":[{"@type":"ListItem","position":1,"name":"Startseite","item":"https:\/\/www.learn-to-care.eu\/"},{"@type":"ListItem","position":2,"name":"Folgeseite Methodenkurse"}]},{"@type":"WebSite","@id":"https:\/\/www.learn-to-care.eu\/de\/#website","url":"https:\/\/www.learn-to-care.eu\/de\/","name":"Learn To Care","description":"Learning platform from Zeitpolster","publisher":{"@id":"https:\/\/www.learn-to-care.eu\/de\/#organization"},"potentialAction":[{"@type":"SearchAction","target":{"@type":"EntryPoint","urlTemplate":"https:\/\/www.learn-to-care.eu\/de\/?s={search_term_string}"},"query-input":{"@type":"PropertyValueSpecification","valueRequired":true,"valueName":"search_term_string"}}],"inLanguage":"en-GB"},{"@type":"Organization","@id":"https:\/\/www.learn-to-care.eu\/de\/#organization","name":"Learn To Care","url":"https:\/\/www.learn-to-care.eu\/de\/","logo":{"@type":"ImageObject","inLanguage":"en-GB","@id":"https:\/\/www.learn-to-care.eu\/de\/#\/schema\/logo\/image\/","url":"https:\/\/www.learn-to-care.eu\/wp-content\/uploads\/sites\/21\/2023\/02\/cropped-learntocare_logo_gruen-1.png","contentUrl":"https:\/\/www.learn-to-care.eu\/wp-content\/uploads\/sites\/21\/2023\/02\/cropped-learntocare_logo_gruen-1.png","width":1876,"height":1876,"caption":"Learn To Care"},"image":{"@id":"https:\/\/www.learn-to-care.eu\/de\/#\/schema\/logo\/image\/"}}]}},"featured_image_src":null,"featured_image_src_square":null,"uagb_featured_image_src":{"full":false,"thumbnail":false,"medium":false,"medium_large":false,"large":false,"1536x1536":false,"2048x2048":false,"trp-custom-language-flag":false,"gb-block-post-grid-landscape":false,"gb-block-post-grid-square":false,"woocommerce_thumbnail":false,"woocommerce_single":false,"woocommerce_gallery_thumbnail":false},"uagb_author_info":{"display_name":"Gernot Jochum-M\u00fcller","author_link":"https:\/\/www.learn-to-care.eu\/en\/author\/zeitpolster_gernot\/"},"uagb_comment_info":0,"uagb_excerpt":"So geht es nach dem Kurs weiter Gratuliere, Sie haben einen unserer Methodenkurse absolviert. Bevor Sie an einem weiteren Kurs teilnemen oder eine Pause einlegen, geben Sie uns bitte ein Feedback und hinterlassen Sie gerne einen Beitrag im Forum. Unten haben wir f\u00fcr Sie noch passende Podcasts zum Thema zusammengestellt. Eine h\u00f6renswerte Erg\u00e4nzung zu den&hellip;","_links":{"self":[{"href":"https:\/\/www.learn-to-care.eu\/en\/wp-json\/wp\/v2\/pages\/107655","targetHints":{"allow":["GET"]}}],"collection":[{"href":"https:\/\/www.learn-to-care.eu\/en\/wp-json\/wp\/v2\/pages"}],"about":[{"href":"https:\/\/www.learn-to-care.eu\/en\/wp-json\/wp\/v2\/types\/page"}],"author":[{"embeddable":true,"href":"https:\/\/www.learn-to-care.eu\/en\/wp-json\/wp\/v2\/users\/2"}],"replies":[{"embeddable":true,"href":"https:\/\/www.learn-to-care.eu\/en\/wp-json\/wp\/v2\/comments?post=107655"}],"version-history":[{"count":1,"href":"https:\/\/www.learn-to-care.eu\/en\/wp-json\/wp\/v2\/pages\/107655\/revisions"}],"predecessor-version":[{"id":107656,"href":"https:\/\/www.learn-to-care.eu\/en\/wp-json\/wp\/v2\/pages\/107655\/revisions\/107656"}],"wp:attachment":[{"href":"https:\/\/www.learn-to-care.eu\/en\/wp-json\/wp\/v2\/media?parent=107655"}],"curies":[{"name":"wp","href":"https:\/\/api.w.org\/{rel}","templated":true}]}}