{"id":15283,"date":"2024-05-09T10:23:46","date_gmt":"2024-05-09T08:23:46","guid":{"rendered":"https:\/\/www.learn-to-care.eu\/?page_id=15283"},"modified":"2025-04-25T18:13:05","modified_gmt":"2025-04-25T16:13:05","slug":"guidelines","status":"publish","type":"page","link":"https:\/\/www.learn-to-care.eu\/es\/guidelines\/","title":{"rendered":"Directrices"},"content":{"rendered":"<section class=\"wp-block-uagb-section uagb-section__wrap uagb-section__background-image uagb-block-d65dbff0\"><div class=\"uagb-section__overlay\"><\/div><div class=\"uagb-section__inner-wrap\">\n<div class=\"wp-block-uagb-advanced-heading uagb-block-537ba7c6\"><h1 class=\"uagb-heading-text\"><strong>Voluntariado en transici\u00f3n<\/strong><\/h1><p class=\"uagb-desc-text\">Historias del sector asistencial<\/p><\/div>\n<\/div><\/section>\n\n\n\n<div style=\"height:100px\" aria-hidden=\"true\" class=\"wp-block-spacer\"><\/div>\n\n\n\n<div class=\"wp-block-uagb-container uagb-block-97b8e493 alignfull uagb-is-root-container\"><div class=\"uagb-container-inner-blocks-wrap\">\n<p>El voluntariado est\u00e1 cambiando. Diferentes formas de reconocimiento de los voluntarios y modelos organizativos de apoyo pueden abrir nuevas e interesantes perspectivas. Describimos c\u00f3mo pueden dise\u00f1arse utilizando modelos, fundamentos jur\u00eddicos y formas organizativas.<\/p>\n\n\n\n<p>Como parte del proyecto, elaboramos unas directrices para los responsables de la toma de decisiones. El objetivo es identificar modelos de voluntariado para apoyar el di\u00e1logo sobre estos avances. Para ello, consideramos modelos de la pr\u00e1ctica que ya se han aplicado. Porque lo que funciona bien en un lugar puede inspirar a otros.<\/p>\n\n\n\n<p>Aqu\u00ed encontrar\u00e1 la Directriz y los res\u00famenes correspondientes sobre los principales temas de modelos, clasificaci\u00f3n jur\u00eddica y modelos organizativos en cuatro idiomas: alem\u00e1n, ingl\u00e9s, italiano y espa\u00f1ol.<\/p>\n<\/div><\/div>\n\n\n\n<div class=\"wp-block-uagb-container uagb-block-4a155449 alignfull uagb-is-root-container\"><div class=\"uagb-container-inner-blocks-wrap\">\n<p><\/p>\n\n\n\n<h2 class=\"wp-block-heading\">\u00c1rea de descargas<\/h2>\n\n\n\n<div class=\"wp-block-columns has-ast-global-color-4-background-color has-background is-layout-flex wp-container-core-columns-is-layout-28f84493 wp-block-columns-is-layout-flex\">\n<div class=\"wp-block-column is-layout-flow wp-block-column-is-layout-flow\">\n<h2 class=\"wp-block-heading has-x-large-font-size\">Documentos en espa\u00f1ol<\/h2>\n\n\n\n<p>Aqu\u00ed puede descargar documentos en espa\u00f1ol<\/p>\n<\/div>\n\n\n\n<div class=\"wp-block-column is-layout-flow wp-block-column-is-layout-flow\">\n<h3 class=\"wp-block-heading\"><strong>Enlaces de descarga<\/strong><\/h3>\n\n\n\n<p><a href=\"https:\/\/www.learn-to-care.eu\/wp-content\/uploads\/sites\/21\/2025\/04\/GUIDELINES-FEBRERO25.pdf\"><strong>Directriz<\/strong> sobre el reconocimiento del trabajo voluntario <\/a><\/p>\n\n\n\n<p><a href=\"https:\/\/www.learn-to-care.eu\/wp-content\/uploads\/sites\/21\/2025\/04\/RESUMEN-MODELOS-DE-RECONOCIMIENTO.pdf\">Resumen sobre <strong>Modelos de reconocimiento<\/strong> del voluntariado<\/a><\/p>\n\n\n\n<p><a href=\"https:\/\/www.learn-to-care.eu\/wp-content\/uploads\/sites\/21\/2025\/04\/RESUMEN-MARCO-LEGAL.pdf\">Resumen de la <strong>Clasificaci\u00f3n jur\u00eddica<\/strong> modelos de reconocimiento del trabajo voluntario<\/a><\/p>\n\n\n\n<p><a href=\"https:\/\/www.learn-to-care.eu\/wp-content\/uploads\/sites\/21\/2025\/04\/RESUMEN-MODELOS-ORGANIZATIVOS.pdf\">Resumen sobre <strong>Modelo organizativo <\/strong>de modelos de reconocimiento del trabajo voluntario<\/a><\/p>\n\n\n\n<div style=\"height:20px\" aria-hidden=\"true\" class=\"wp-block-spacer\"><\/div>\n<\/div>\n<\/div>\n\n\n\n<div class=\"wp-block-columns is-layout-flex wp-container-core-columns-is-layout-28f84493 wp-block-columns-is-layout-flex\">\n<div class=\"wp-block-column is-layout-flow wp-block-column-is-layout-flow\">\n<h2 class=\"wp-block-heading has-x-large-font-size\">Documentos en italiano<\/h2>\n\n\n\n<p>Aqu\u00ed puede descargar documentos en italiano<\/p>\n<\/div>\n\n\n\n<div class=\"wp-block-column is-layout-flow wp-block-column-is-layout-flow\">\n<h3 class=\"wp-block-heading\"><strong>Enlaces de descarga<\/strong><\/h3>\n\n\n\n<p><a href=\"https:\/\/www.learn-to-care.eu\/wp-content\/uploads\/sites\/21\/2025\/04\/GUIDELINES-FEBRERO25-it.pdf\"><strong>Directriz<\/strong> sobre el reconocimiento del trabajo voluntario<\/a><\/p>\n\n\n\n<p><a href=\"https:\/\/www.learn-to-care.eu\/wp-content\/uploads\/sites\/21\/2025\/04\/2-RIASSUNTO-MODELLI-DI-RICONOSCIMENTO.pdf\">Resumen sobre <strong>Modelos de reconocimiento<\/strong> del voluntariado<\/a><\/p>\n\n\n\n<p><a href=\"https:\/\/www.learn-to-care.eu\/wp-content\/uploads\/sites\/21\/2025\/04\/1-RIASSUNTO-QUADRO-LEGALE.pdf\">Resumen de la <strong>Clasificaci\u00f3n jur\u00eddica<\/strong> modelos de reconocimiento del trabajo voluntario<\/a><\/p>\n\n\n\n<p><a href=\"https:\/\/www.learn-to-care.eu\/wp-content\/uploads\/sites\/21\/2025\/04\/3-Riassunto-dei-modelli-organizzativi.pdf\">Resumen sobre <strong>Modelo organizativo<\/strong> de modelos de reconocimiento del trabajo voluntario<\/a><\/p>\n\n\n\n<div style=\"height:20px\" aria-hidden=\"true\" class=\"wp-block-spacer\"><\/div>\n<\/div>\n<\/div>\n\n\n\n<div class=\"wp-block-columns has-ast-global-color-4-background-color has-background is-layout-flex wp-container-core-columns-is-layout-28f84493 wp-block-columns-is-layout-flex\">\n<div class=\"wp-block-column is-layout-flow wp-block-column-is-layout-flow\">\n<h2 class=\"wp-block-heading has-x-large-font-size\">Documentos en alem\u00e1n<\/h2>\n\n\n\n<p>Aqu\u00ed puede descargar documentos en alem\u00e1n<\/p>\n<\/div>\n\n\n\n<div class=\"wp-block-column is-layout-flow wp-block-column-is-layout-flow\">\n<h3 class=\"wp-block-heading\"><strong>Enlaces de descarga<\/strong><\/h3>\n\n\n\n<p><a href=\"https:\/\/www.learn-to-care.eu\/wp-content\/uploads\/sites\/21\/2025\/04\/GUIDELINE_Februar2025.pdf\"><strong>Directriz<\/strong> sobre el reconocimiento del trabajo voluntario<\/a><\/p>\n\n\n\n<p><a href=\"https:\/\/www.learn-to-care.eu\/wp-content\/uploads\/sites\/21\/2025\/04\/Zusammenfassung_Zielgruppenmodelle.pdf\"><strong>8.10 Resumen <\/strong>acerca de <strong>Modelos de reconocimiento<\/strong> del voluntariado<\/a><\/p>\n\n\n\n<p><a href=\"https:\/\/www.learn-to-care.eu\/wp-content\/uploads\/sites\/21\/2025\/04\/Zusammenfassung_rechtliche_Situation.pdf\">Resumen de la <strong>Clasificaci\u00f3n jur\u00eddica de los modelos de reconocimiento<\/strong> del voluntariado<\/a><\/p>\n\n\n\n<p><a href=\"https:\/\/www.learn-to-care.eu\/wp-content\/uploads\/sites\/21\/2025\/04\/Zusammenfassung_Organisationsaspekte.pdf\">Resumen sobre <strong>Modelo organizativo de los modelos de reconocimiento<\/strong> para el voluntariado<\/a><\/p>\n\n\n\n<div style=\"height:20px\" aria-hidden=\"true\" class=\"wp-block-spacer\"><\/div>\n<\/div>\n<\/div>\n\n\n\n<div class=\"wp-block-columns is-layout-flex wp-container-core-columns-is-layout-28f84493 wp-block-columns-is-layout-flex\">\n<div class=\"wp-block-column is-layout-flow wp-block-column-is-layout-flow\">\n<h2 class=\"wp-block-heading has-x-large-font-size\">Documentos en ingl\u00e9s<\/h2>\n\n\n\n<p>Aqu\u00ed puede descargar documentos en ingl\u00e9s<\/p>\n<\/div>\n\n\n\n<div class=\"wp-block-column is-layout-flow wp-block-column-is-layout-flow\">\n<h3 class=\"wp-block-heading\"><strong>Enlaces de descarga<\/strong><\/h3>\n\n\n\n<p><a href=\"https:\/\/www.learn-to-care.eu\/wp-content\/uploads\/sites\/21\/2025\/04\/GUIDELINES-FEBRERO25-English.pdf\"><strong>Directriz <\/strong>sobre el reconocimiento del trabajo voluntario<\/a><\/p>\n\n\n\n<p><a href=\"https:\/\/www.learn-to-care.eu\/wp-content\/uploads\/sites\/21\/2025\/04\/3-RESUMEN-MODELOS-ORGANIZATIVOS-EN-GB.pdf\" target=\"_blank\" rel=\"noreferrer noopener\">Resumen sobre <strong>Modelos de reconocimiento<\/strong> del voluntariado<\/a><\/p>\n\n\n\n<p><a href=\"https:\/\/www.learn-to-care.eu\/wp-content\/uploads\/sites\/21\/2025\/04\/1-RESUMEN-MARCO-LEGAL-EN-GB.pdf\">Resumen de la<strong> Clasificaci\u00f3n jur\u00eddica<\/strong> modelos de reconocimiento del trabajo voluntario<\/a><\/p>\n\n\n\n<p><a href=\"https:\/\/www.learn-to-care.eu\/wp-content\/uploads\/sites\/21\/2025\/04\/3-RESUMEN-MODELOS-ORGANIZATIVOS-EN-GB.pdf\" target=\"_blank\" rel=\"noreferrer noopener\">Resumen sobre <strong>Modelos organizativos <\/strong>de modelos de reconocimiento del trabajo voluntario<\/a><\/p>\n\n\n\n<div style=\"height:20px\" aria-hidden=\"true\" class=\"wp-block-spacer\"><\/div>\n<\/div>\n<\/div>\n\n\n\n<h2 class=\"wp-block-heading\">Entrevistas, una perspectiva desde tres pa\u00edses<\/h2>\n\n\n\n<p>\u00bfQu\u00e9 opinan los expertos de Italia, Austria y Espa\u00f1a sobre el futuro del voluntariado?<br>\u00bfQu\u00e9 papel desempe\u00f1a el reconocimiento y por qu\u00e9 es crucial para un compromiso sostenible?<br>Nuestras entrevistas revelan tendencias claras y perspectivas inspiradoras.<br><br>Se incorporaron directamente a la elaboraci\u00f3n de nuevas directrices para los modelos de reconocimiento.<br><a href=\"https:\/\/www.learn-to-care.eu\/es\/freiwillenarbeit-und-anerkennung-im-wandel\/\">\ud83d\udc49 \u00a1Descubre ahora el art\u00edculo completo y obt\u00e9n m\u00e1s informaci\u00f3n!<\/a><\/p>\n\n\n\n<div class=\"wp-block-columns is-layout-flex wp-container-core-columns-is-layout-28f84493 wp-block-columns-is-layout-flex\">\n<div class=\"wp-block-column is-layout-flow wp-block-column-is-layout-flow\"><\/div>\n<\/div>\n<\/div><\/div>\n\n\n\n<div style=\"height:100px\" aria-hidden=\"true\" class=\"wp-block-spacer\"><\/div>\n\n\n\n<p><\/p>\n\n\n\n<div style=\"height:100px\" aria-hidden=\"true\" class=\"wp-block-spacer\"><\/div>","protected":false},"excerpt":{"rendered":"<p>Freiwilligenarbeit ist im Wandel. Unterschiedliche Anerkennungsformen f\u00fcr Freiwillige und f\u00f6rdernde Organisationsmodelle k\u00f6nnen neue interessante Perspektiven aufzeigen. Wie diese gestaltet werden k\u00f6nnen, beschreiben wir anhand von Modellen, rechtlichen Hintergr\u00fcnden und Organisationsformen. im Rahmen des Projektes entwickelten wir Guidelines f\u00fcr Entscheidungstr\u00e4ger. Ziel ist es, Modelle f\u00fcr Freiwilligenarbeit aufzuzeigen um den Dialog \u00fcber diese Entwicklungen zu unterst\u00fctzen. Dazu [&hellip;]<\/p>\n","protected":false},"author":2,"featured_media":0,"parent":0,"menu_order":0,"comment_status":"closed","ping_status":"closed","template":"","meta":{"_bbp_topic_count":0,"_bbp_reply_count":0,"_bbp_total_topic_count":0,"_bbp_total_reply_count":0,"_bbp_voice_count":0,"_bbp_anonymous_reply_count":0,"_bbp_topic_count_hidden":0,"_bbp_reply_count_hidden":0,"_bbp_forum_subforum_count":0,"_uag_custom_page_level_css":"","site-sidebar-layout":"default","site-content-layout":"","ast-site-content-layout":"default","site-content-style":"default","site-sidebar-style":"default","ast-global-header-display":"","ast-banner-title-visibility":"","ast-main-header-display":"","ast-hfb-above-header-display":"","ast-hfb-below-header-display":"","ast-hfb-mobile-header-display":"","site-post-title":"","ast-breadcrumbs-content":"","ast-featured-img":"","footer-sml-layout":"","ast-disable-related-posts":"","theme-transparent-header-meta":"","adv-header-id-meta":"","stick-header-meta":"","header-above-stick-meta":"","header-main-stick-meta":"","header-below-stick-meta":"","astra-migrate-meta-layouts":"set","ast-page-background-enabled":"default","ast-page-background-meta":{"desktop":{"background-color":"","background-image":"","background-repeat":"repeat","background-position":"center center","background-size":"auto","background-attachment":"scroll","background-type":"","background-media":"","overlay-type":"","overlay-color":"","overlay-opacity":"","overlay-gradient":""},"tablet":{"background-color":"","background-image":"","background-repeat":"repeat","background-position":"center center","background-size":"auto","background-attachment":"scroll","background-type":"","background-media":"","overlay-type":"","overlay-color":"","overlay-opacity":"","overlay-gradient":""},"mobile":{"background-color":"","background-image":"","background-repeat":"repeat","background-position":"center center","background-size":"auto","background-attachment":"scroll","background-type":"","background-media":"","overlay-type":"","overlay-color":"","overlay-opacity":"","overlay-gradient":""}},"ast-content-background-meta":{"desktop":{"background-color":"var(--ast-global-color-5)","background-image":"","background-repeat":"repeat","background-position":"center center","background-size":"auto","background-attachment":"scroll","background-type":"","background-media":"","overlay-type":"","overlay-color":"","overlay-opacity":"","overlay-gradient":""},"tablet":{"background-color":"var(--ast-global-color-5)","background-image":"","background-repeat":"repeat","background-position":"center center","background-size":"auto","background-attachment":"scroll","background-type":"","background-media":"","overlay-type":"","overlay-color":"","overlay-opacity":"","overlay-gradient":""},"mobile":{"background-color":"var(--ast-global-color-5)","background-image":"","background-repeat":"repeat","background-position":"center center","background-size":"auto","background-attachment":"scroll","background-type":"","background-media":"","overlay-type":"","overlay-color":"","overlay-opacity":"","overlay-gradient":""}},"footnotes":""},"class_list":["post-15283","page","type-page","status-publish","hentry"],"yoast_head":"<!-- This site is optimized with the Yoast SEO plugin v27.3 - https:\/\/yoast.com\/product\/yoast-seo-wordpress\/ -->\n<title>Guidelines - Learn To Care<\/title>\n<meta name=\"robots\" content=\"index, follow, max-snippet:-1, max-image-preview:large, max-video-preview:-1\" \/>\n<link rel=\"canonical\" href=\"https:\/\/www.learn-to-care.eu\/es\/guidelines\/\" \/>\n<meta property=\"og:locale\" content=\"es_ES\" \/>\n<meta property=\"og:type\" content=\"article\" \/>\n<meta property=\"og:title\" content=\"Guidelines - Learn To Care\" \/>\n<meta property=\"og:description\" content=\"Freiwilligenarbeit ist im Wandel. Unterschiedliche Anerkennungsformen f\u00fcr Freiwillige und f\u00f6rdernde Organisationsmodelle k\u00f6nnen neue interessante Perspektiven aufzeigen. Wie diese gestaltet werden k\u00f6nnen, beschreiben wir anhand von Modellen, rechtlichen Hintergr\u00fcnden und Organisationsformen. im Rahmen des Projektes entwickelten wir Guidelines f\u00fcr Entscheidungstr\u00e4ger. Ziel ist es, Modelle f\u00fcr Freiwilligenarbeit aufzuzeigen um den Dialog \u00fcber diese Entwicklungen zu unterst\u00fctzen. Dazu [&hellip;]\" \/>\n<meta property=\"og:url\" content=\"https:\/\/www.learn-to-care.eu\/es\/guidelines\/\" \/>\n<meta property=\"og:site_name\" content=\"Learn To Care\" \/>\n<meta property=\"article:modified_time\" content=\"2025-04-25T16:13:05+00:00\" \/>\n<meta name=\"twitter:card\" content=\"summary_large_image\" \/>\n<meta name=\"twitter:label1\" content=\"Tiempo de lectura\" \/>\n\t<meta name=\"twitter:data1\" content=\"2 minutos\" \/>\n<script type=\"application\/ld+json\" class=\"yoast-schema-graph\">{\"@context\":\"https:\\\/\\\/schema.org\",\"@graph\":[{\"@type\":\"WebPage\",\"@id\":\"https:\\\/\\\/www.learn-to-care.eu\\\/guidelines\\\/\",\"url\":\"https:\\\/\\\/www.learn-to-care.eu\\\/guidelines\\\/\",\"name\":\"Guidelines - Learn To Care\",\"isPartOf\":{\"@id\":\"https:\\\/\\\/www.learn-to-care.eu\\\/de\\\/#website\"},\"datePublished\":\"2024-05-09T08:23:46+00:00\",\"dateModified\":\"2025-04-25T16:13:05+00:00\",\"breadcrumb\":{\"@id\":\"https:\\\/\\\/www.learn-to-care.eu\\\/guidelines\\\/#breadcrumb\"},\"inLanguage\":\"es\",\"potentialAction\":[{\"@type\":\"ReadAction\",\"target\":[\"https:\\\/\\\/www.learn-to-care.eu\\\/guidelines\\\/\"]}]},{\"@type\":\"BreadcrumbList\",\"@id\":\"https:\\\/\\\/www.learn-to-care.eu\\\/guidelines\\\/#breadcrumb\",\"itemListElement\":[{\"@type\":\"ListItem\",\"position\":1,\"name\":\"Startseite\",\"item\":\"https:\\\/\\\/www.learn-to-care.eu\\\/\"},{\"@type\":\"ListItem\",\"position\":2,\"name\":\"Guidelines\"}]},{\"@type\":\"WebSite\",\"@id\":\"https:\\\/\\\/www.learn-to-care.eu\\\/de\\\/#website\",\"url\":\"https:\\\/\\\/www.learn-to-care.eu\\\/de\\\/\",\"name\":\"Learn To Care\",\"description\":\"Lernplattform von Zeitpolster\",\"publisher\":{\"@id\":\"https:\\\/\\\/www.learn-to-care.eu\\\/de\\\/#organization\"},\"potentialAction\":[{\"@type\":\"SearchAction\",\"target\":{\"@type\":\"EntryPoint\",\"urlTemplate\":\"https:\\\/\\\/www.learn-to-care.eu\\\/de\\\/?s={search_term_string}\"},\"query-input\":{\"@type\":\"PropertyValueSpecification\",\"valueRequired\":true,\"valueName\":\"search_term_string\"}}],\"inLanguage\":\"es\"},{\"@type\":\"Organization\",\"@id\":\"https:\\\/\\\/www.learn-to-care.eu\\\/de\\\/#organization\",\"name\":\"Learn To Care\",\"url\":\"https:\\\/\\\/www.learn-to-care.eu\\\/de\\\/\",\"logo\":{\"@type\":\"ImageObject\",\"inLanguage\":\"es\",\"@id\":\"https:\\\/\\\/www.learn-to-care.eu\\\/de\\\/#\\\/schema\\\/logo\\\/image\\\/\",\"url\":\"https:\\\/\\\/www.learn-to-care.eu\\\/wp-content\\\/uploads\\\/sites\\\/21\\\/2023\\\/02\\\/cropped-learntocare_logo_gruen-1.png\",\"contentUrl\":\"https:\\\/\\\/www.learn-to-care.eu\\\/wp-content\\\/uploads\\\/sites\\\/21\\\/2023\\\/02\\\/cropped-learntocare_logo_gruen-1.png\",\"width\":1876,\"height\":1876,\"caption\":\"Learn To Care\"},\"image\":{\"@id\":\"https:\\\/\\\/www.learn-to-care.eu\\\/de\\\/#\\\/schema\\\/logo\\\/image\\\/\"}}]}<\/script>\n<!-- \/ Yoast SEO plugin. -->","yoast_head_json":{"title":"Directrices - Learn To Care","robots":{"index":"index","follow":"follow","max-snippet":"max-snippet:-1","max-image-preview":"max-image-preview:large","max-video-preview":"max-video-preview:-1"},"canonical":"https:\/\/www.learn-to-care.eu\/es\/guidelines\/","og_locale":"es_ES","og_type":"article","og_title":"Guidelines - Learn To Care","og_description":"Freiwilligenarbeit ist im Wandel. Unterschiedliche Anerkennungsformen f\u00fcr Freiwillige und f\u00f6rdernde Organisationsmodelle k\u00f6nnen neue interessante Perspektiven aufzeigen. Wie diese gestaltet werden k\u00f6nnen, beschreiben wir anhand von Modellen, rechtlichen Hintergr\u00fcnden und Organisationsformen. im Rahmen des Projektes entwickelten wir Guidelines f\u00fcr Entscheidungstr\u00e4ger. Ziel ist es, Modelle f\u00fcr Freiwilligenarbeit aufzuzeigen um den Dialog \u00fcber diese Entwicklungen zu unterst\u00fctzen. Dazu [&hellip;]","og_url":"https:\/\/www.learn-to-care.eu\/es\/guidelines\/","og_site_name":"Learn To Care","article_modified_time":"2025-04-25T16:13:05+00:00","twitter_card":"summary_large_image","twitter_misc":{"Tiempo de lectura":"2 minutos"},"schema":{"@context":"https:\/\/schema.org","@graph":[{"@type":"WebPage","@id":"https:\/\/www.learn-to-care.eu\/guidelines\/","url":"https:\/\/www.learn-to-care.eu\/guidelines\/","name":"Directrices - Learn To Care","isPartOf":{"@id":"https:\/\/www.learn-to-care.eu\/de\/#website"},"datePublished":"2024-05-09T08:23:46+00:00","dateModified":"2025-04-25T16:13:05+00:00","breadcrumb":{"@id":"https:\/\/www.learn-to-care.eu\/guidelines\/#breadcrumb"},"inLanguage":"es","potentialAction":[{"@type":"ReadAction","target":["https:\/\/www.learn-to-care.eu\/guidelines\/"]}]},{"@type":"BreadcrumbList","@id":"https:\/\/www.learn-to-care.eu\/guidelines\/#breadcrumb","itemListElement":[{"@type":"ListItem","position":1,"name":"Startseite","item":"https:\/\/www.learn-to-care.eu\/"},{"@type":"ListItem","position":2,"name":"Guidelines"}]},{"@type":"WebSite","@id":"https:\/\/www.learn-to-care.eu\/de\/#website","url":"https:\/\/www.learn-to-care.eu\/de\/","name":"Aprender a cuidar","description":"Plataforma de aprendizaje de Zeitpolster","publisher":{"@id":"https:\/\/www.learn-to-care.eu\/de\/#organization"},"potentialAction":[{"@type":"SearchAction","target":{"@type":"EntryPoint","urlTemplate":"https:\/\/www.learn-to-care.eu\/de\/?s={search_term_string}"},"query-input":{"@type":"PropertyValueSpecification","valueRequired":true,"valueName":"search_term_string"}}],"inLanguage":"es"},{"@type":"Organization","@id":"https:\/\/www.learn-to-care.eu\/de\/#organization","name":"Aprender a cuidar","url":"https:\/\/www.learn-to-care.eu\/de\/","logo":{"@type":"ImageObject","inLanguage":"es","@id":"https:\/\/www.learn-to-care.eu\/de\/#\/schema\/logo\/image\/","url":"https:\/\/www.learn-to-care.eu\/wp-content\/uploads\/sites\/21\/2023\/02\/cropped-learntocare_logo_gruen-1.png","contentUrl":"https:\/\/www.learn-to-care.eu\/wp-content\/uploads\/sites\/21\/2023\/02\/cropped-learntocare_logo_gruen-1.png","width":1876,"height":1876,"caption":"Learn To Care"},"image":{"@id":"https:\/\/www.learn-to-care.eu\/de\/#\/schema\/logo\/image\/"}}]}},"featured_image_src":null,"featured_image_src_square":null,"uagb_featured_image_src":{"full":false,"thumbnail":false,"medium":false,"medium_large":false,"large":false,"1536x1536":false,"2048x2048":false,"trp-custom-language-flag":false,"gb-block-post-grid-landscape":false,"gb-block-post-grid-square":false,"woocommerce_thumbnail":false,"woocommerce_single":false,"woocommerce_gallery_thumbnail":false},"uagb_author_info":{"display_name":"Gernot Jochum-M\u00fcller","author_link":"https:\/\/www.learn-to-care.eu\/es\/author\/zeitpolster_gernot\/"},"uagb_comment_info":0,"uagb_excerpt":"Freiwilligenarbeit ist im Wandel. Unterschiedliche Anerkennungsformen f\u00fcr Freiwillige und f\u00f6rdernde Organisationsmodelle k\u00f6nnen neue interessante Perspektiven aufzeigen. Wie diese gestaltet werden k\u00f6nnen, beschreiben wir anhand von Modellen, rechtlichen Hintergr\u00fcnden und Organisationsformen. im Rahmen des Projektes entwickelten wir Guidelines f\u00fcr Entscheidungstr\u00e4ger. Ziel ist es, Modelle f\u00fcr Freiwilligenarbeit aufzuzeigen um den Dialog \u00fcber diese Entwicklungen zu unterst\u00fctzen. Dazu&hellip;","_links":{"self":[{"href":"https:\/\/www.learn-to-care.eu\/es\/wp-json\/wp\/v2\/pages\/15283","targetHints":{"allow":["GET"]}}],"collection":[{"href":"https:\/\/www.learn-to-care.eu\/es\/wp-json\/wp\/v2\/pages"}],"about":[{"href":"https:\/\/www.learn-to-care.eu\/es\/wp-json\/wp\/v2\/types\/page"}],"author":[{"embeddable":true,"href":"https:\/\/www.learn-to-care.eu\/es\/wp-json\/wp\/v2\/users\/2"}],"replies":[{"embeddable":true,"href":"https:\/\/www.learn-to-care.eu\/es\/wp-json\/wp\/v2\/comments?post=15283"}],"version-history":[{"count":22,"href":"https:\/\/www.learn-to-care.eu\/es\/wp-json\/wp\/v2\/pages\/15283\/revisions"}],"predecessor-version":[{"id":110557,"href":"https:\/\/www.learn-to-care.eu\/es\/wp-json\/wp\/v2\/pages\/15283\/revisions\/110557"}],"wp:attachment":[{"href":"https:\/\/www.learn-to-care.eu\/es\/wp-json\/wp\/v2\/media?parent=15283"}],"curies":[{"name":"wp","href":"https:\/\/api.w.org\/{rel}","templated":true}]}}