{"id":110509,"date":"2025-04-20T19:58:53","date_gmt":"2025-04-20T17:58:53","guid":{"rendered":"https:\/\/www.learn-to-care.eu\/?page_id=110509"},"modified":"2026-04-09T17:08:14","modified_gmt":"2026-04-09T15:08:14","slug":"so-entstand-learn-to-care","status":"publish","type":"page","link":"https:\/\/www.learn-to-care.eu\/it\/so-entstand-learn-to-care\/","title":{"rendered":"Partner"},"content":{"rendered":"<div class=\"wp-block-uagb-container uagb-block-10881fcf alignfull uagb-is-root-container\"><div class=\"uagb-container-inner-blocks-wrap\">\n<hr class=\"wp-block-separator has-alpha-channel-opacity\"\/>\n\n\n\n<h1 class=\"wp-block-heading\">Entstehung der Plattform<\/h1>\n\n\n\n<h2 class=\"wp-block-heading\">Vier Partner \u2013 Gemeinsame Innovation f\u00fcr Freiwilligenarbeit<\/h2>\n\n\n\n<p>Das Projekt \u201eLearn to Care\u201c wurde von einem engagierten Konsortium umgesetzt, das Fachwissen aus unterschiedlichen Bereichen vereint. Vier Partner aus \u00d6sterreich, Deutschland, Italien und Spanien haben ihre Erfahrungen, Kompetenzen und Visionen eingebracht, um gemeinsam eine innovative E-Learning-Plattform f\u00fcr freiwillige Helfer zu entwickeln. Das Projekt wurde von Zeitpolster initiiert und in der Umsetzung geleitet. Seit 1. M\u00e4rz 2025 wird die Lernplattform durch Zeitpolster weiter gef\u00fchrt und weiterentwickelt.<\/p>\n\n\n\n<p>Qui di seguito presentiamo le organizzazioni partecipanti:<\/p>\n\n\n\n<hr class=\"wp-block-separator has-alpha-channel-opacity\"\/>\n\n\n\n<h2 class=\"wp-block-heading\"><a href=\"https:\/\/www.zeitpolster.com\">Cuscino del tempo(Austria)<\/a><\/h2>\n\n\n\n<p><strong>Profilo di competenza:<\/strong><br>Zeitpolster \u00e8 un'impresa sociale austriaca che ha sviluppato modelli innovativi per l'assistenza e la previdenza. Il cuore di Zeitpolster \u00e8 un sistema pensionistico intergenerazionale: i volontari raccolgono crediti di tempo fornendo servizi di assistenza, che possono poi utilizzare per l'assistenza stessa.<\/p>\n\n\n\n<p><strong>Ruolo nel progetto:<\/strong><\/p>\n\n\n\n<ul class=\"wp-block-list\">\n<li>Coordinamento e gestione del progetto<\/li>\n\n\n\n<li>Sviluppo dei contenuti del corso per il volontariato<\/li>\n\n\n\n<li>Sviluppo della piattaforma e-learning multilingue<\/li>\n\n\n\n<li>Integrazione delle conoscenze pratiche e dei resoconti di esperienze di volontariato<\/li>\n<\/ul>\n\n\n\n<hr class=\"wp-block-separator has-alpha-channel-opacity\"\/>\n\n\n\n<h2 class=\"wp-block-heading\"><a href=\"https:\/\/www.ili.fau.de\/institut\/\">Friedrich-Alexander-Universit\u00e4t Erlangen-N\u00fcrnberg - Istituto per l'innovazione nell'apprendimento (Germania)<\/a><\/h2>\n\n\n\n<p><strong>Profilo di competenza:<\/strong><br>L'Innovation in Learning Institute (ILI) della FAU di Erlangen-Norimberga \u00e8 un centro leader in Europa per l'istruzione digitale, l'e-learning e le tecnologie di apprendimento innovative. L'ILI sviluppa e gestisce piattaforme complesse per l'apprendimento e l'esame e vanta molti anni di esperienza in progetti di educazione degli adulti.<\/p>\n\n\n\n<p><strong>Ruolo nel progetto:<\/strong><\/p>\n\n\n\n<ul class=\"wp-block-list\">\n<li>Realizzazione tecnica della piattaforma e-learning<\/li>\n\n\n\n<li>Preparazione didattica dei corsi online<\/li>\n\n\n\n<li>Controllo della qualit\u00e0 dei materiali didattici<\/li>\n\n\n\n<li>Integrazione di ausili didattici come test, domande di autocontrollo e indicatori di progresso.<\/li>\n<\/ul>\n\n\n\n<hr class=\"wp-block-separator has-alpha-channel-opacity\"\/>\n\n\n\n<h2 class=\"wp-block-heading\"><a href=\"https:\/\/bcoop.bz\/\">Cooperativa di cittadini b*coop Bressanone (Italia)<\/a><\/h2>\n\n\n\n<p><strong>Profilo di competenza:<\/strong><br>La cooperativa di cittadini b*coop di Bressanone, in Alto Adige, si concentra su forme innovative di impegno civico. Combina progetti sociali con nuovi approcci partecipativi e promuove l'impegno volontario in particolare nelle strutture sociali e di quartiere.<\/p>\n\n\n\n<p><strong>Ruolo nel progetto:<\/strong><\/p>\n\n\n\n<ul class=\"wp-block-list\">\n<li>Sviluppo del concetto di podcast per visualizzare la conoscenza informale<\/li>\n\n\n\n<li>Organizzazione di laboratori di creazione di podcast per volontari<\/li>\n\n\n\n<li>Raccolta ed elaborazione di storie reali di volontariato<\/li>\n\n\n\n<li>Sostegno alla diffusione regionale dei risultati del progetto<\/li>\n<\/ul>\n\n\n\n<hr class=\"wp-block-separator has-alpha-channel-opacity\"\/>\n\n\n\n<h2 class=\"wp-block-heading\"><a href=\"https:\/\/www.asibdt.org\/\">Asociaci\u00f3n Iberoamericana de Bancos de Tiempo (Spagna)<\/a><\/h2>\n\n\n\n<p><strong>Profilo di competenza:<\/strong><br>Questa ONG spagnola \u00e8 specializzata nello sviluppo e nel sostegno delle banche del tempo, reti in cui le persone si scambiano servizi sulla base di unit\u00e0 di tempo. Da oltre 15 anni l'organizzazione lavora in tutta Europa per sviluppare reti sociali e modelli innovativi di volontariato.<\/p>\n\n\n\n<p><strong>Ruolo nel progetto:<\/strong><\/p>\n\n\n\n<ul class=\"wp-block-list\">\n<li>Creazione di linee guida di buone pratiche sui modelli di riconoscimento del lavoro volontario<\/li>\n\n\n\n<li>Sviluppare la conoscenza dei sistemi di coinvolgimento (ad es. banche del tempo)<\/li>\n\n\n\n<li>Sostegno al multilinguismo e all'adattamento culturale dei programmi di apprendimento<\/li>\n<\/ul>\n\n\n\n<hr class=\"wp-block-separator has-alpha-channel-opacity\"\/>\n\n\n\n<p><\/p>\n\n\n\n<div class=\"wp-block-uagb-container uagb-block-49baf8cb\">\n<h3 class=\"wp-block-heading\">\ud83d\udce6 Info sul progetto: Imparare a curare<\/h3>\n\n\n\n<p><strong>Titolo del progetto:<\/strong><br><em>Learn to Care - formazione digitale per volontari dell'assistenza<\/em><\/p>\n\n\n\n<p><strong>Organizzatore del progetto:<\/strong><br>Zeitpolster GmbH (Austria) insieme a partner di Germania, Italia e Spagna<\/p>\n\n\n\n<p><strong>Linea di programma:<\/strong><br>Cooperazione Erasmus+ nell'educazione degli adulti<\/p>\n\n\n\n<p><strong>Numero del progetto:<\/strong><br><strong>2021-2-AT01-KA220-ADU-000049463<\/strong><\/p>\n\n\n\n<p><strong>Durata del progetto:<\/strong><br><strong>01.03.2022 - 28.02.2025<\/strong><\/p>\n\n\n\n<p><strong>Obiettivo del progetto:<\/strong><br>Sviluppo di una piattaforma di e-learning gratuita e multilingue per supportare gli assistenti volontari.<\/p>\n\n\n\n<p><strong>Lingue della piattaforma:<\/strong><br>Tedesco, inglese, italiano, spagnolo<\/p>\n\n\n\n<p><strong>Offerta:<\/strong><\/p>\n\n\n\n<ul class=\"wp-block-list\">\n<li>100 corsi online su assistenza, supporto, autocura e comunicazione<\/li>\n\n\n\n<li>32 podcast prodotti da volontari<\/li>\n\n\n\n<li>Corsi per la creazione indipendente di podcast<\/li>\n\n\n\n<li>Certificati per i corsi completati<\/li>\n<\/ul>\n\n\n\n<p><strong>Il futuro della piattaforma:<\/strong><br>Al termine del progetto, la piattaforma sar\u00e0 <strong>dal 01.03.2025<\/strong> da <strong><a href=\"https:\/\/www.zeitpolster.com\">Cuscino di tempo <\/a><\/strong>ha continuato in modo indipendente.<br>L'utilizzo rimane <strong>gratuito<\/strong> e viene costantemente ampliato.<\/p>\n<\/div>\n\n\n\n<div class=\"wp-block-uagb-container uagb-block-6262fe2f\">\n<div class=\"wp-block-columns is-layout-flex wp-container-core-columns-is-layout-28f84493 wp-block-columns-is-layout-flex\">\n<div class=\"wp-block-column is-layout-flow wp-block-column-is-layout-flow\" style=\"flex-basis:33.33%\">\n<figure class=\"wp-block-image size-large\"><img loading=\"lazy\" decoding=\"async\" width=\"1024\" height=\"225\" src=\"https:\/\/www.learn-to-care.eu\/wp-content\/uploads\/sites\/21\/2026\/04\/DE_Co-fundedbytheEU_RGB_Monochrome-1024x225.png\" alt=\"\" class=\"wp-image-110878\" srcset=\"https:\/\/www.learn-to-care.eu\/wp-content\/uploads\/sites\/21\/2026\/04\/DE_Co-fundedbytheEU_RGB_Monochrome-1024x225.png 1024w, https:\/\/www.learn-to-care.eu\/wp-content\/uploads\/sites\/21\/2026\/04\/DE_Co-fundedbytheEU_RGB_Monochrome-300x66.png 300w, https:\/\/www.learn-to-care.eu\/wp-content\/uploads\/sites\/21\/2026\/04\/DE_Co-fundedbytheEU_RGB_Monochrome-768x169.png 768w, https:\/\/www.learn-to-care.eu\/wp-content\/uploads\/sites\/21\/2026\/04\/DE_Co-fundedbytheEU_RGB_Monochrome-1536x338.png 1536w, https:\/\/www.learn-to-care.eu\/wp-content\/uploads\/sites\/21\/2026\/04\/DE_Co-fundedbytheEU_RGB_Monochrome-2048x450.png 2048w, https:\/\/www.learn-to-care.eu\/wp-content\/uploads\/sites\/21\/2026\/04\/DE_Co-fundedbytheEU_RGB_Monochrome-18x4.png 18w, https:\/\/www.learn-to-care.eu\/wp-content\/uploads\/sites\/21\/2026\/04\/DE_Co-fundedbytheEU_RGB_Monochrome-600x132.png 600w\" sizes=\"auto, (max-width: 1024px) 100vw, 1024px\" \/><\/figure>\n<\/div>\n\n\n\n<div class=\"wp-block-column is-layout-flow wp-block-column-is-layout-flow\" style=\"flex-basis:66.66%\">\n<p>Numero del progetto: 2021-2-AT01-KA220-ADU-000049463<\/p>\n\n\n\n<p>Questo progetto \u00e8 stato finanziato con il sostegno della Commissione europea tra marzo 2022 e febbraio 2025. L'autore \u00e8 il solo responsabile di questa pubblicazione e la Commissione declina ogni responsabilit\u00e0 sull'uso che potr\u00e0 essere fatto delle informazioni in essa contenute.<\/p>\n<\/div>\n\n\n\n<div class=\"wp-block-column is-layout-flow wp-block-column-is-layout-flow\" style=\"flex-basis:66.66%\">\n<figure class=\"wp-block-image size-full\"><img loading=\"lazy\" decoding=\"async\" width=\"403\" height=\"141\" src=\"https:\/\/www.learn-to-care.eu\/wp-content\/uploads\/sites\/21\/2026\/04\/by-sa.png\" alt=\"\" class=\"wp-image-110879\" srcset=\"https:\/\/www.learn-to-care.eu\/wp-content\/uploads\/sites\/21\/2026\/04\/by-sa.png 403w, https:\/\/www.learn-to-care.eu\/wp-content\/uploads\/sites\/21\/2026\/04\/by-sa-300x105.png 300w, https:\/\/www.learn-to-care.eu\/wp-content\/uploads\/sites\/21\/2026\/04\/by-sa-18x6.png 18w\" sizes=\"auto, (max-width: 403px) 100vw, 403px\" \/><\/figure>\n\n\n\n<p>Quest'opera \u00e8 rilasciata sotto licenza Creative Commons Attribution-ShareAlike 4.0 International License.<\/p>\n<\/div>\n<\/div>\n<\/div>\n<\/div><\/div>\n\n\n\n<p><\/p>","protected":false},"excerpt":{"rendered":"<p>Entstehung der Plattform Vier Partner \u2013 Gemeinsame Innovation f\u00fcr Freiwilligenarbeit Das Projekt \u201eLearn to Care\u201c wurde von einem engagierten Konsortium umgesetzt, das Fachwissen aus unterschiedlichen Bereichen vereint. Vier Partner aus \u00d6sterreich, Deutschland, Italien und Spanien haben ihre Erfahrungen, Kompetenzen und Visionen eingebracht, um gemeinsam eine innovative E-Learning-Plattform f\u00fcr freiwillige Helfer zu entwickeln. Das Projekt wurde [&hellip;]<\/p>\n","protected":false},"author":2,"featured_media":0,"parent":0,"menu_order":0,"comment_status":"closed","ping_status":"closed","template":"","meta":{"_bbp_topic_count":0,"_bbp_reply_count":0,"_bbp_total_topic_count":0,"_bbp_total_reply_count":0,"_bbp_voice_count":0,"_bbp_anonymous_reply_count":0,"_bbp_topic_count_hidden":0,"_bbp_reply_count_hidden":0,"_bbp_forum_subforum_count":0,"_uag_custom_page_level_css":"","site-sidebar-layout":"default","site-content-layout":"","ast-site-content-layout":"default","site-content-style":"default","site-sidebar-style":"default","ast-global-header-display":"","ast-banner-title-visibility":"","ast-main-header-display":"","ast-hfb-above-header-display":"","ast-hfb-below-header-display":"","ast-hfb-mobile-header-display":"","site-post-title":"","ast-breadcrumbs-content":"","ast-featured-img":"","footer-sml-layout":"","ast-disable-related-posts":"","theme-transparent-header-meta":"","adv-header-id-meta":"","stick-header-meta":"","header-above-stick-meta":"","header-main-stick-meta":"","header-below-stick-meta":"","astra-migrate-meta-layouts":"set","ast-page-background-enabled":"default","ast-page-background-meta":{"desktop":{"background-color":"","background-image":"","background-repeat":"repeat","background-position":"center center","background-size":"auto","background-attachment":"scroll","background-type":"","background-media":"","overlay-type":"","overlay-color":"","overlay-opacity":"","overlay-gradient":""},"tablet":{"background-color":"","background-image":"","background-repeat":"repeat","background-position":"center center","background-size":"auto","background-attachment":"scroll","background-type":"","background-media":"","overlay-type":"","overlay-color":"","overlay-opacity":"","overlay-gradient":""},"mobile":{"background-color":"","background-image":"","background-repeat":"repeat","background-position":"center center","background-size":"auto","background-attachment":"scroll","background-type":"","background-media":"","overlay-type":"","overlay-color":"","overlay-opacity":"","overlay-gradient":""}},"ast-content-background-meta":{"desktop":{"background-color":"var(--ast-global-color-5)","background-image":"","background-repeat":"repeat","background-position":"center center","background-size":"auto","background-attachment":"scroll","background-type":"","background-media":"","overlay-type":"","overlay-color":"","overlay-opacity":"","overlay-gradient":""},"tablet":{"background-color":"var(--ast-global-color-5)","background-image":"","background-repeat":"repeat","background-position":"center center","background-size":"auto","background-attachment":"scroll","background-type":"","background-media":"","overlay-type":"","overlay-color":"","overlay-opacity":"","overlay-gradient":""},"mobile":{"background-color":"var(--ast-global-color-5)","background-image":"","background-repeat":"repeat","background-position":"center center","background-size":"auto","background-attachment":"scroll","background-type":"","background-media":"","overlay-type":"","overlay-color":"","overlay-opacity":"","overlay-gradient":""}},"footnotes":""},"class_list":["post-110509","page","type-page","status-publish","hentry"],"yoast_head":"<!-- This site is optimized with the Yoast SEO plugin v27.3 - https:\/\/yoast.com\/product\/yoast-seo-wordpress\/ -->\n<title>Partner - Learn To Care<\/title>\n<meta name=\"description\" content=\"Vier Partner, eine Lernplattform. Diese innovative Lernplattform wird von www.zeitpolster.com weitergef\u00fchrt und weiterentwickelt.\" \/>\n<meta name=\"robots\" content=\"index, follow, max-snippet:-1, max-image-preview:large, max-video-preview:-1\" \/>\n<link rel=\"canonical\" href=\"https:\/\/www.learn-to-care.eu\/it\/so-entstand-learn-to-care\/\" \/>\n<meta property=\"og:locale\" content=\"it_IT\" \/>\n<meta property=\"og:type\" content=\"article\" \/>\n<meta property=\"og:title\" content=\"Partner - Learn To Care\" \/>\n<meta property=\"og:description\" content=\"Vier Partner, eine Lernplattform. Diese innovative Lernplattform wird von www.zeitpolster.com weitergef\u00fchrt und weiterentwickelt.\" \/>\n<meta property=\"og:url\" content=\"https:\/\/www.learn-to-care.eu\/it\/so-entstand-learn-to-care\/\" \/>\n<meta property=\"og:site_name\" content=\"Learn To Care\" \/>\n<meta property=\"article:modified_time\" content=\"2026-04-09T15:08:14+00:00\" \/>\n<meta property=\"og:image\" content=\"https:\/\/www.learn-to-care.eu\/wp-content\/uploads\/sites\/21\/2026\/04\/DE_Co-fundedbytheEU_RGB_Monochrome-1024x225.png\" \/>\n<meta name=\"twitter:card\" content=\"summary_large_image\" \/>\n<meta name=\"twitter:label1\" content=\"Tempo di lettura stimato\" \/>\n\t<meta name=\"twitter:data1\" content=\"4 minuti\" \/>\n<script type=\"application\/ld+json\" class=\"yoast-schema-graph\">{\"@context\":\"https:\\\/\\\/schema.org\",\"@graph\":[{\"@type\":\"WebPage\",\"@id\":\"https:\\\/\\\/www.learn-to-care.eu\\\/en\\\/so-entstand-learn-to-care\\\/\",\"url\":\"https:\\\/\\\/www.learn-to-care.eu\\\/en\\\/so-entstand-learn-to-care\\\/\",\"name\":\"Partner - Learn To Care\",\"isPartOf\":{\"@id\":\"https:\\\/\\\/www.learn-to-care.eu\\\/de\\\/#website\"},\"primaryImageOfPage\":{\"@id\":\"https:\\\/\\\/www.learn-to-care.eu\\\/en\\\/so-entstand-learn-to-care\\\/#primaryimage\"},\"image\":{\"@id\":\"https:\\\/\\\/www.learn-to-care.eu\\\/en\\\/so-entstand-learn-to-care\\\/#primaryimage\"},\"thumbnailUrl\":\"https:\\\/\\\/www.learn-to-care.eu\\\/wp-content\\\/uploads\\\/sites\\\/21\\\/2026\\\/04\\\/DE_Co-fundedbytheEU_RGB_Monochrome-1024x225.png\",\"datePublished\":\"2025-04-20T17:58:53+00:00\",\"dateModified\":\"2026-04-09T15:08:14+00:00\",\"description\":\"Vier Partner, eine Lernplattform. Diese innovative Lernplattform wird von www.zeitpolster.com weitergef\u00fchrt und weiterentwickelt.\",\"breadcrumb\":{\"@id\":\"https:\\\/\\\/www.learn-to-care.eu\\\/en\\\/so-entstand-learn-to-care\\\/#breadcrumb\"},\"inLanguage\":\"it-IT\",\"potentialAction\":[{\"@type\":\"ReadAction\",\"target\":[\"https:\\\/\\\/www.learn-to-care.eu\\\/en\\\/so-entstand-learn-to-care\\\/\"]}]},{\"@type\":\"ImageObject\",\"inLanguage\":\"it-IT\",\"@id\":\"https:\\\/\\\/www.learn-to-care.eu\\\/en\\\/so-entstand-learn-to-care\\\/#primaryimage\",\"url\":\"https:\\\/\\\/www.learn-to-care.eu\\\/wp-content\\\/uploads\\\/sites\\\/21\\\/2026\\\/04\\\/DE_Co-fundedbytheEU_RGB_Monochrome-1024x225.png\",\"contentUrl\":\"https:\\\/\\\/www.learn-to-care.eu\\\/wp-content\\\/uploads\\\/sites\\\/21\\\/2026\\\/04\\\/DE_Co-fundedbytheEU_RGB_Monochrome-1024x225.png\"},{\"@type\":\"BreadcrumbList\",\"@id\":\"https:\\\/\\\/www.learn-to-care.eu\\\/en\\\/so-entstand-learn-to-care\\\/#breadcrumb\",\"itemListElement\":[{\"@type\":\"ListItem\",\"position\":1,\"name\":\"Startseite\",\"item\":\"https:\\\/\\\/www.learn-to-care.eu\\\/\"},{\"@type\":\"ListItem\",\"position\":2,\"name\":\"Partner\"}]},{\"@type\":\"WebSite\",\"@id\":\"https:\\\/\\\/www.learn-to-care.eu\\\/de\\\/#website\",\"url\":\"https:\\\/\\\/www.learn-to-care.eu\\\/de\\\/\",\"name\":\"Learn To Care\",\"description\":\"Lernplattform von Zeitpolster\",\"publisher\":{\"@id\":\"https:\\\/\\\/www.learn-to-care.eu\\\/de\\\/#organization\"},\"potentialAction\":[{\"@type\":\"SearchAction\",\"target\":{\"@type\":\"EntryPoint\",\"urlTemplate\":\"https:\\\/\\\/www.learn-to-care.eu\\\/de\\\/?s={search_term_string}\"},\"query-input\":{\"@type\":\"PropertyValueSpecification\",\"valueRequired\":true,\"valueName\":\"search_term_string\"}}],\"inLanguage\":\"it-IT\"},{\"@type\":\"Organization\",\"@id\":\"https:\\\/\\\/www.learn-to-care.eu\\\/de\\\/#organization\",\"name\":\"Learn To Care\",\"url\":\"https:\\\/\\\/www.learn-to-care.eu\\\/de\\\/\",\"logo\":{\"@type\":\"ImageObject\",\"inLanguage\":\"it-IT\",\"@id\":\"https:\\\/\\\/www.learn-to-care.eu\\\/de\\\/#\\\/schema\\\/logo\\\/image\\\/\",\"url\":\"https:\\\/\\\/www.learn-to-care.eu\\\/wp-content\\\/uploads\\\/sites\\\/21\\\/2023\\\/02\\\/cropped-learntocare_logo_gruen-1.png\",\"contentUrl\":\"https:\\\/\\\/www.learn-to-care.eu\\\/wp-content\\\/uploads\\\/sites\\\/21\\\/2023\\\/02\\\/cropped-learntocare_logo_gruen-1.png\",\"width\":1876,\"height\":1876,\"caption\":\"Learn To Care\"},\"image\":{\"@id\":\"https:\\\/\\\/www.learn-to-care.eu\\\/de\\\/#\\\/schema\\\/logo\\\/image\\\/\"}}]}<\/script>\n<!-- \/ Yoast SEO plugin. -->","yoast_head_json":{"title":"Partner - Learn To Care","description":"Vier Partner, eine Lernplattform. Diese innovative Lernplattform wird von www.zeitpolster.com weitergef\u00fchrt und weiterentwickelt.","robots":{"index":"index","follow":"follow","max-snippet":"max-snippet:-1","max-image-preview":"max-image-preview:large","max-video-preview":"max-video-preview:-1"},"canonical":"https:\/\/www.learn-to-care.eu\/it\/so-entstand-learn-to-care\/","og_locale":"it_IT","og_type":"article","og_title":"Partner - Learn To Care","og_description":"Vier Partner, eine Lernplattform. Diese innovative Lernplattform wird von www.zeitpolster.com weitergef\u00fchrt und weiterentwickelt.","og_url":"https:\/\/www.learn-to-care.eu\/it\/so-entstand-learn-to-care\/","og_site_name":"Learn To Care","article_modified_time":"2026-04-09T15:08:14+00:00","og_image":[{"url":"https:\/\/www.learn-to-care.eu\/wp-content\/uploads\/sites\/21\/2026\/04\/DE_Co-fundedbytheEU_RGB_Monochrome-1024x225.png","type":"","width":"","height":""}],"twitter_card":"summary_large_image","twitter_misc":{"Tempo di lettura stimato":"4 minuti"},"schema":{"@context":"https:\/\/schema.org","@graph":[{"@type":"WebPage","@id":"https:\/\/www.learn-to-care.eu\/en\/so-entstand-learn-to-care\/","url":"https:\/\/www.learn-to-care.eu\/en\/so-entstand-learn-to-care\/","name":"Partner - Learn To Care","isPartOf":{"@id":"https:\/\/www.learn-to-care.eu\/de\/#website"},"primaryImageOfPage":{"@id":"https:\/\/www.learn-to-care.eu\/en\/so-entstand-learn-to-care\/#primaryimage"},"image":{"@id":"https:\/\/www.learn-to-care.eu\/en\/so-entstand-learn-to-care\/#primaryimage"},"thumbnailUrl":"https:\/\/www.learn-to-care.eu\/wp-content\/uploads\/sites\/21\/2026\/04\/DE_Co-fundedbytheEU_RGB_Monochrome-1024x225.png","datePublished":"2025-04-20T17:58:53+00:00","dateModified":"2026-04-09T15:08:14+00:00","description":"Vier Partner, eine Lernplattform. Diese innovative Lernplattform wird von www.zeitpolster.com weitergef\u00fchrt und weiterentwickelt.","breadcrumb":{"@id":"https:\/\/www.learn-to-care.eu\/en\/so-entstand-learn-to-care\/#breadcrumb"},"inLanguage":"it-IT","potentialAction":[{"@type":"ReadAction","target":["https:\/\/www.learn-to-care.eu\/en\/so-entstand-learn-to-care\/"]}]},{"@type":"ImageObject","inLanguage":"it-IT","@id":"https:\/\/www.learn-to-care.eu\/en\/so-entstand-learn-to-care\/#primaryimage","url":"https:\/\/www.learn-to-care.eu\/wp-content\/uploads\/sites\/21\/2026\/04\/DE_Co-fundedbytheEU_RGB_Monochrome-1024x225.png","contentUrl":"https:\/\/www.learn-to-care.eu\/wp-content\/uploads\/sites\/21\/2026\/04\/DE_Co-fundedbytheEU_RGB_Monochrome-1024x225.png"},{"@type":"BreadcrumbList","@id":"https:\/\/www.learn-to-care.eu\/en\/so-entstand-learn-to-care\/#breadcrumb","itemListElement":[{"@type":"ListItem","position":1,"name":"Startseite","item":"https:\/\/www.learn-to-care.eu\/"},{"@type":"ListItem","position":2,"name":"Partner"}]},{"@type":"WebSite","@id":"https:\/\/www.learn-to-care.eu\/de\/#website","url":"https:\/\/www.learn-to-care.eu\/de\/","name":"Learn To Care","description":"Piattaforma di apprendimento da Zeitpolster","publisher":{"@id":"https:\/\/www.learn-to-care.eu\/de\/#organization"},"potentialAction":[{"@type":"SearchAction","target":{"@type":"EntryPoint","urlTemplate":"https:\/\/www.learn-to-care.eu\/de\/?s={search_term_string}"},"query-input":{"@type":"PropertyValueSpecification","valueRequired":true,"valueName":"search_term_string"}}],"inLanguage":"it-IT"},{"@type":"Organization","@id":"https:\/\/www.learn-to-care.eu\/de\/#organization","name":"Learn To Care","url":"https:\/\/www.learn-to-care.eu\/de\/","logo":{"@type":"ImageObject","inLanguage":"it-IT","@id":"https:\/\/www.learn-to-care.eu\/de\/#\/schema\/logo\/image\/","url":"https:\/\/www.learn-to-care.eu\/wp-content\/uploads\/sites\/21\/2023\/02\/cropped-learntocare_logo_gruen-1.png","contentUrl":"https:\/\/www.learn-to-care.eu\/wp-content\/uploads\/sites\/21\/2023\/02\/cropped-learntocare_logo_gruen-1.png","width":1876,"height":1876,"caption":"Learn To Care"},"image":{"@id":"https:\/\/www.learn-to-care.eu\/de\/#\/schema\/logo\/image\/"}}]}},"featured_image_src":null,"featured_image_src_square":null,"uagb_featured_image_src":{"full":false,"thumbnail":false,"medium":false,"medium_large":false,"large":false,"1536x1536":false,"2048x2048":false,"trp-custom-language-flag":false,"gb-block-post-grid-landscape":false,"gb-block-post-grid-square":false,"woocommerce_thumbnail":false,"woocommerce_single":false,"woocommerce_gallery_thumbnail":false},"uagb_author_info":{"display_name":"Gernot Jochum-M\u00fcller","author_link":"https:\/\/www.learn-to-care.eu\/it\/author\/zeitpolster_gernot\/"},"uagb_comment_info":0,"uagb_excerpt":"Entstehung der Plattform Vier Partner \u2013 Gemeinsame Innovation f\u00fcr Freiwilligenarbeit Das Projekt \u201eLearn to Care\u201c wurde von einem engagierten Konsortium umgesetzt, das Fachwissen aus unterschiedlichen Bereichen vereint. Vier Partner aus \u00d6sterreich, Deutschland, Italien und Spanien haben ihre Erfahrungen, Kompetenzen und Visionen eingebracht, um gemeinsam eine innovative E-Learning-Plattform f\u00fcr freiwillige Helfer zu entwickeln. Das Projekt wurde&hellip;","_links":{"self":[{"href":"https:\/\/www.learn-to-care.eu\/it\/wp-json\/wp\/v2\/pages\/110509","targetHints":{"allow":["GET"]}}],"collection":[{"href":"https:\/\/www.learn-to-care.eu\/it\/wp-json\/wp\/v2\/pages"}],"about":[{"href":"https:\/\/www.learn-to-care.eu\/it\/wp-json\/wp\/v2\/types\/page"}],"author":[{"embeddable":true,"href":"https:\/\/www.learn-to-care.eu\/it\/wp-json\/wp\/v2\/users\/2"}],"replies":[{"embeddable":true,"href":"https:\/\/www.learn-to-care.eu\/it\/wp-json\/wp\/v2\/comments?post=110509"}],"version-history":[{"count":4,"href":"https:\/\/www.learn-to-care.eu\/it\/wp-json\/wp\/v2\/pages\/110509\/revisions"}],"predecessor-version":[{"id":110882,"href":"https:\/\/www.learn-to-care.eu\/it\/wp-json\/wp\/v2\/pages\/110509\/revisions\/110882"}],"wp:attachment":[{"href":"https:\/\/www.learn-to-care.eu\/it\/wp-json\/wp\/v2\/media?parent=110509"}],"curies":[{"name":"wp","href":"https:\/\/api.w.org\/{rel}","templated":true}]}}