{"id":110587,"date":"2025-12-30T16:24:12","date_gmt":"2025-12-30T15:24:12","guid":{"rendered":"https:\/\/www.learn-to-care.eu\/?page_id=110587"},"modified":"2026-05-01T16:29:03","modified_gmt":"2026-05-01T14:29:03","slug":"gruenedamenundherren","status":"publish","type":"page","link":"https:\/\/www.learn-to-care.eu\/it\/gruenedamenundherren\/","title":{"rendered":"Signore e signori verdi"},"content":{"rendered":"<section class=\"wp-block-uagb-section uagb-section__wrap uagb-section__background-image uagb-block-d65dbff0\"><div class=\"uagb-section__overlay\"><\/div><div class=\"uagb-section__inner-wrap\">\n<div class=\"wp-block-uagb-advanced-heading uagb-block-537ba7c6\"><h1 class=\"uagb-heading-text\"><strong>Liebe Interessierte<\/strong><br><strong>sch\u00f6n, dass wir uns hier begegnen.<\/strong><\/h1><\/div>\n<\/div><\/section>\n\n\n\n<div style=\"height:100px\" aria-hidden=\"true\" class=\"wp-block-spacer\"><\/div>\n\n\n\n<div class=\"wp-block-uagb-container uagb-block-97b8e493 alignfull uagb-is-root-container\"><div class=\"uagb-container-inner-blocks-wrap\">\n<div class=\"wp-block-columns has-ast-global-color-5-background-color has-background is-layout-flex wp-container-core-columns-is-layout-28f84493 wp-block-columns-is-layout-flex\">\n<div class=\"wp-block-column is-layout-flow wp-block-column-is-layout-flow\" style=\"flex-basis:33.33%\">\n<figure class=\"wp-block-image aligncenter size-full\"><img loading=\"lazy\" decoding=\"async\" width=\"2400\" height=\"1260\" src=\"https:\/\/www.learn-to-care.eu\/wp-content\/uploads\/sites\/21\/2026\/05\/logo_Design-ohne-Titel.png\" alt=\"\" class=\"wp-image-110979\" srcset=\"https:\/\/www.learn-to-care.eu\/wp-content\/uploads\/sites\/21\/2026\/05\/logo_Design-ohne-Titel.png 2400w, https:\/\/www.learn-to-care.eu\/wp-content\/uploads\/sites\/21\/2026\/05\/logo_Design-ohne-Titel-300x158.png 300w, https:\/\/www.learn-to-care.eu\/wp-content\/uploads\/sites\/21\/2026\/05\/logo_Design-ohne-Titel-1024x538.png 1024w, https:\/\/www.learn-to-care.eu\/wp-content\/uploads\/sites\/21\/2026\/05\/logo_Design-ohne-Titel-768x403.png 768w, https:\/\/www.learn-to-care.eu\/wp-content\/uploads\/sites\/21\/2026\/05\/logo_Design-ohne-Titel-1536x806.png 1536w, https:\/\/www.learn-to-care.eu\/wp-content\/uploads\/sites\/21\/2026\/05\/logo_Design-ohne-Titel-2048x1075.png 2048w, https:\/\/www.learn-to-care.eu\/wp-content\/uploads\/sites\/21\/2026\/05\/logo_Design-ohne-Titel-18x9.png 18w, https:\/\/www.learn-to-care.eu\/wp-content\/uploads\/sites\/21\/2026\/05\/logo_Design-ohne-Titel-600x315.png 600w\" sizes=\"auto, (max-width: 2400px) 100vw, 2400px\" \/><\/figure>\n<\/div>\n\n\n\n<div class=\"wp-block-column has-ast-global-color-5-background-color has-background is-layout-flow wp-block-column-is-layout-flow\" style=\"flex-basis:66.66%\">\n<p>Wir Gr\u00fcne Damen und Herren vom Verein Evangelische Kranken- und Alten-Hilfe e.V. (eKH) freuen uns, ein digitales Weiterbildungsangebot an dieser Stelle anbieten zu k\u00f6nnen. Unser Wunsch und unsere Aufgabe ist es, unsere Ehrenamtlichen optimal zu unterst\u00fctzen.<br><br>Hier beginnt nun mehr als ein Online-Kurs oder ein Lernprogramm, hier beginnt eine Reise ins Ehrenamt und in ein bereicherndes Leben. Viel Spa\u00df dabei!<\/p>\n\n\n\n<ul class=\"wp-block-list\">\n<li>ganz ohne Vorkenntnisse<\/li>\n\n\n\n<li>einfach zu bedienen<\/li>\n\n\n\n<li>verst\u00e4ndlich aufgebaut und<\/li>\n\n\n\n<li>ein wertvoller Impuls f\u00fcr echte Begegnungen<\/li>\n<\/ul>\n\n\n\n<p>Zu gewinnen gibt es:<\/p>\n\n\n\n<ul class=\"wp-block-list\">\n<li>Sicherheit im Miteinander durch Qualifizierung<\/li>\n\n\n\n<li>Bereicherung im Besuchsdienst und Mehrwert f\u00fcr die pers\u00f6nliche Entwicklung<\/li>\n\n\n\n<li>vielf\u00e4ltig nutzbare Informationen f\u00fcr unterschiedliche Lebenslagen<\/li>\n<\/ul>\n\n\n\n<p>Abschlie\u00dfend gibt es ein Zertifikat als Zeichen des Engagements und der Weiterbildung.<\/p>\n\n\n\n<hr class=\"wp-block-separator has-alpha-channel-opacity\"\/>\n\n\n\n<p><a id=\"_msocom_1\"><\/a><\/p>\n<\/div>\n<\/div>\n<\/div><\/div>\n\n\n\n<div style=\"height:100px\" aria-hidden=\"true\" class=\"wp-block-spacer\"><\/div>\n\n\n\n<div class=\"wp-block-uagb-container uagb-block-f9ac962e alignfull uagb-is-root-container\"><div class=\"uagb-container-inner-blocks-wrap\">\n<h2 class=\"wp-block-heading\">Zum schnellen Start<\/h2>\n\n\n\n<h3 class=\"wp-block-heading\">1. Einstiegskurs<\/h3>\n\n\n\n<p>&nbsp;&nbsp;&nbsp;&nbsp;&nbsp;&nbsp; Kennenlernen der Lernplattform Schritt f\u00fcr Schritt. Alle Funktionen werden verst\u00e4ndlich erkl\u00e4rt \u2013 ideal f\u00fcr den ersten Besuch.<\/p>\n\n\n\n<h3 class=\"wp-block-heading\">2. Basiskurs<\/h3>\n\n\n\n<p>Der Basiskurs vermittelt die wichtigsten Grundlagen f\u00fcr die ehrenamtliche T\u00e4tigkeit. Er eignet sich sowohl f\u00fcr neue Interessierte als auch zur Auffrischung des Wissens f\u00fcr bereits Engagierte.<\/p>\n\n\n\n<h3 class=\"wp-block-heading\">3. Alle Kurse entdecken<\/h3>\n\n\n\n<p>Es gibt noch weitere Kurse auf unserer Plattform zu entdecken. Neugierig geworden?<br>Unser Online-Kursangebot bildet die theoretische Grundlage f\u00fcr die Aufgaben in unserem&nbsp;Ehrenamt. Die digitalen Lerninhalte ersetzen nat\u00fcrlich keine analogen Schulungen, sondern erg\u00e4nzen sie sinnvoll. Zur bestm\u00f6glichen Vorbereitung sollten alle Module vollst\u00e4ndig durchgearbeitet werden. Die Reihenfolge darf individuell festgelegt werden. So stellen wir gemeinsam sicher, dass Gr\u00fcne Damen und Gr\u00fcne Herren f\u00fcr ihre T\u00e4tigkeit gut ger\u00fcstet sind.<\/p>\n\n\n\n<div style=\"height:100px\" aria-hidden=\"true\" class=\"wp-block-spacer\"><\/div>\n\n\n\n<div class=\"wp-block-uagb-buttons uagb-buttons__outer-wrap uagb-btn__default-btn uagb-btn-tablet__default-btn uagb-btn-mobile__default-btn uagb-block-852c971b\"><div class=\"uagb-buttons__wrap uagb-buttons-layout-wrap\">\n<div class=\"wp-block-uagb-buttons-child uagb-buttons__outer-wrap uagb-block-b92db3e2 wp-block-button\"><div class=\"uagb-button__wrapper\"><a class=\"uagb-buttons-repeater wp-block-button__link\" aria-label=\"\" href=\"https:\/\/www.learn-to-care.eu\/it\/registrierung_organisationen\/\" rel=\"follow noopener\" target=\"_self\" role=\"button\"><div class=\"uagb-button__link\">Hier zur Registrierung f\u00fcr unsere Mitglieder klicken<\/div><\/a><\/div><\/div>\n\n\n\n<div class=\"wp-block-uagb-buttons-child uagb-buttons__outer-wrap uagb-block-a09fa44e wp-block-button\"><div class=\"uagb-button__wrapper\"><a class=\"uagb-buttons-repeater wp-block-button__link\" aria-label=\"\" href=\"https:\/\/www.learn-to-care.eu\/it\/mein-konto\/\" rel=\"follow noopener\" target=\"_self\" role=\"button\"><div class=\"uagb-button__link\">Anmeldung f\u00fcr bereits registrierte Mitglieder<\/div><\/a><\/div><\/div>\n<\/div><\/div>\n\n\n\n<p><br><\/p>\n<\/div><\/div>","protected":false},"excerpt":{"rendered":"<p>Wir Gr\u00fcne Damen und Herren vom Verein Evangelische Kranken- und Alten-Hilfe e.V. (eKH) freuen uns, ein digitales Weiterbildungsangebot an dieser Stelle anbieten zu k\u00f6nnen. Unser Wunsch und unsere Aufgabe ist es, unsere Ehrenamtlichen optimal zu unterst\u00fctzen. Hier beginnt nun mehr als ein Online-Kurs oder ein Lernprogramm, hier beginnt eine Reise ins Ehrenamt und in ein [&hellip;]<\/p>\n","protected":false},"author":2,"featured_media":0,"parent":0,"menu_order":0,"comment_status":"closed","ping_status":"closed","template":"","meta":{"_bbp_topic_count":0,"_bbp_reply_count":0,"_bbp_total_topic_count":0,"_bbp_total_reply_count":0,"_bbp_voice_count":0,"_bbp_anonymous_reply_count":0,"_bbp_topic_count_hidden":0,"_bbp_reply_count_hidden":0,"_bbp_forum_subforum_count":0,"_uag_custom_page_level_css":"","site-sidebar-layout":"default","site-content-layout":"","ast-site-content-layout":"default","site-content-style":"default","site-sidebar-style":"default","ast-global-header-display":"","ast-banner-title-visibility":"","ast-main-header-display":"","ast-hfb-above-header-display":"","ast-hfb-below-header-display":"","ast-hfb-mobile-header-display":"","site-post-title":"","ast-breadcrumbs-content":"","ast-featured-img":"","footer-sml-layout":"","ast-disable-related-posts":"","theme-transparent-header-meta":"","adv-header-id-meta":"","stick-header-meta":"","header-above-stick-meta":"","header-main-stick-meta":"","header-below-stick-meta":"","astra-migrate-meta-layouts":"set","ast-page-background-enabled":"default","ast-page-background-meta":{"desktop":{"background-color":"","background-image":"","background-repeat":"repeat","background-position":"center center","background-size":"auto","background-attachment":"scroll","background-type":"","background-media":"","overlay-type":"","overlay-color":"","overlay-opacity":"","overlay-gradient":""},"tablet":{"background-color":"","background-image":"","background-repeat":"repeat","background-position":"center center","background-size":"auto","background-attachment":"scroll","background-type":"","background-media":"","overlay-type":"","overlay-color":"","overlay-opacity":"","overlay-gradient":""},"mobile":{"background-color":"","background-image":"","background-repeat":"repeat","background-position":"center center","background-size":"auto","background-attachment":"scroll","background-type":"","background-media":"","overlay-type":"","overlay-color":"","overlay-opacity":"","overlay-gradient":""}},"ast-content-background-meta":{"desktop":{"background-color":"var(--ast-global-color-5)","background-image":"","background-repeat":"repeat","background-position":"center center","background-size":"auto","background-attachment":"scroll","background-type":"","background-media":"","overlay-type":"","overlay-color":"","overlay-opacity":"","overlay-gradient":""},"tablet":{"background-color":"var(--ast-global-color-5)","background-image":"","background-repeat":"repeat","background-position":"center center","background-size":"auto","background-attachment":"scroll","background-type":"","background-media":"","overlay-type":"","overlay-color":"","overlay-opacity":"","overlay-gradient":""},"mobile":{"background-color":"var(--ast-global-color-5)","background-image":"","background-repeat":"repeat","background-position":"center center","background-size":"auto","background-attachment":"scroll","background-type":"","background-media":"","overlay-type":"","overlay-color":"","overlay-opacity":"","overlay-gradient":""}},"footnotes":""},"class_list":["post-110587","page","type-page","status-publish","hentry"],"yoast_head":"<!-- This site is optimized with the Yoast SEO plugin v27.5 - https:\/\/yoast.com\/product\/yoast-seo-wordpress\/ -->\n<title>Gr\u00fcne Damen und Herren - Learn To Care<\/title>\n<meta name=\"description\" content=\"Online Kurse f\u00fcr Freiwillige der Gr\u00fcnen Damen und Herren des EHK Deutschland. Eine modern Form des Lernen.\" \/>\n<meta name=\"robots\" content=\"index, follow, max-snippet:-1, max-image-preview:large, max-video-preview:-1\" \/>\n<link rel=\"canonical\" href=\"https:\/\/www.learn-to-care.eu\/it\/gruenedamenundherren\/\" \/>\n<meta property=\"og:locale\" content=\"it_IT\" \/>\n<meta property=\"og:type\" content=\"article\" \/>\n<meta property=\"og:title\" content=\"Gr\u00fcne Damen und Herren - Learn To Care\" \/>\n<meta property=\"og:description\" content=\"Online Kurse f\u00fcr Freiwillige der Gr\u00fcnen Damen und Herren des EHK Deutschland. Eine modern Form des Lernen.\" \/>\n<meta property=\"og:url\" content=\"https:\/\/www.learn-to-care.eu\/it\/gruenedamenundherren\/\" \/>\n<meta property=\"og:site_name\" content=\"Learn To Care\" \/>\n<meta property=\"article:modified_time\" content=\"2026-05-01T14:29:03+00:00\" \/>\n<meta property=\"og:image\" content=\"https:\/\/www.learn-to-care.eu\/wp-content\/uploads\/sites\/21\/2026\/05\/logo_Design-ohne-Titel.png\" \/>\n\t<meta property=\"og:image:width\" content=\"2400\" \/>\n\t<meta property=\"og:image:height\" content=\"1260\" \/>\n\t<meta property=\"og:image:type\" content=\"image\/png\" \/>\n<meta name=\"twitter:card\" content=\"summary_large_image\" \/>\n<meta name=\"twitter:label1\" content=\"Tempo di lettura stimato\" \/>\n\t<meta name=\"twitter:data1\" content=\"2 minuti\" \/>\n<script type=\"application\/ld+json\" class=\"yoast-schema-graph\">{\"@context\":\"https:\\\/\\\/schema.org\",\"@graph\":[{\"@type\":\"WebPage\",\"@id\":\"https:\\\/\\\/www.learn-to-care.eu\\\/gruenedamenundherren\\\/\",\"url\":\"https:\\\/\\\/www.learn-to-care.eu\\\/gruenedamenundherren\\\/\",\"name\":\"Gr\u00fcne Damen und Herren - Learn To Care\",\"isPartOf\":{\"@id\":\"https:\\\/\\\/www.learn-to-care.eu\\\/de\\\/#website\"},\"primaryImageOfPage\":{\"@id\":\"https:\\\/\\\/www.learn-to-care.eu\\\/gruenedamenundherren\\\/#primaryimage\"},\"image\":{\"@id\":\"https:\\\/\\\/www.learn-to-care.eu\\\/gruenedamenundherren\\\/#primaryimage\"},\"thumbnailUrl\":\"https:\\\/\\\/www.learn-to-care.eu\\\/wp-content\\\/uploads\\\/sites\\\/21\\\/2026\\\/05\\\/logo_Design-ohne-Titel.png\",\"datePublished\":\"2025-12-30T15:24:12+00:00\",\"dateModified\":\"2026-05-01T14:29:03+00:00\",\"description\":\"Online Kurse f\u00fcr Freiwillige der Gr\u00fcnen Damen und Herren des EHK Deutschland. Eine modern Form des Lernen.\",\"breadcrumb\":{\"@id\":\"https:\\\/\\\/www.learn-to-care.eu\\\/gruenedamenundherren\\\/#breadcrumb\"},\"inLanguage\":\"it-IT\",\"potentialAction\":[{\"@type\":\"ReadAction\",\"target\":[\"https:\\\/\\\/www.learn-to-care.eu\\\/gruenedamenundherren\\\/\"]}]},{\"@type\":\"ImageObject\",\"inLanguage\":\"it-IT\",\"@id\":\"https:\\\/\\\/www.learn-to-care.eu\\\/gruenedamenundherren\\\/#primaryimage\",\"url\":\"https:\\\/\\\/www.learn-to-care.eu\\\/wp-content\\\/uploads\\\/sites\\\/21\\\/2026\\\/05\\\/logo_Design-ohne-Titel.png\",\"contentUrl\":\"https:\\\/\\\/www.learn-to-care.eu\\\/wp-content\\\/uploads\\\/sites\\\/21\\\/2026\\\/05\\\/logo_Design-ohne-Titel.png\"},{\"@type\":\"BreadcrumbList\",\"@id\":\"https:\\\/\\\/www.learn-to-care.eu\\\/gruenedamenundherren\\\/#breadcrumb\",\"itemListElement\":[{\"@type\":\"ListItem\",\"position\":1,\"name\":\"Startseite\",\"item\":\"https:\\\/\\\/www.learn-to-care.eu\\\/\"},{\"@type\":\"ListItem\",\"position\":2,\"name\":\"Gr\u00fcne Damen und Herren\"}]},{\"@type\":\"WebSite\",\"@id\":\"https:\\\/\\\/www.learn-to-care.eu\\\/de\\\/#website\",\"url\":\"https:\\\/\\\/www.learn-to-care.eu\\\/de\\\/\",\"name\":\"Learn To Care\",\"description\":\"Lernplattform von Zeitpolster\",\"publisher\":{\"@id\":\"https:\\\/\\\/www.learn-to-care.eu\\\/de\\\/#organization\"},\"potentialAction\":[{\"@type\":\"SearchAction\",\"target\":{\"@type\":\"EntryPoint\",\"urlTemplate\":\"https:\\\/\\\/www.learn-to-care.eu\\\/de\\\/?s={search_term_string}\"},\"query-input\":{\"@type\":\"PropertyValueSpecification\",\"valueRequired\":true,\"valueName\":\"search_term_string\"}}],\"inLanguage\":\"it-IT\"},{\"@type\":\"Organization\",\"@id\":\"https:\\\/\\\/www.learn-to-care.eu\\\/de\\\/#organization\",\"name\":\"Learn To Care\",\"url\":\"https:\\\/\\\/www.learn-to-care.eu\\\/de\\\/\",\"logo\":{\"@type\":\"ImageObject\",\"inLanguage\":\"it-IT\",\"@id\":\"https:\\\/\\\/www.learn-to-care.eu\\\/de\\\/#\\\/schema\\\/logo\\\/image\\\/\",\"url\":\"https:\\\/\\\/www.learn-to-care.eu\\\/wp-content\\\/uploads\\\/sites\\\/21\\\/2023\\\/02\\\/cropped-learntocare_logo_gruen-1.png\",\"contentUrl\":\"https:\\\/\\\/www.learn-to-care.eu\\\/wp-content\\\/uploads\\\/sites\\\/21\\\/2023\\\/02\\\/cropped-learntocare_logo_gruen-1.png\",\"width\":1876,\"height\":1876,\"caption\":\"Learn To Care\"},\"image\":{\"@id\":\"https:\\\/\\\/www.learn-to-care.eu\\\/de\\\/#\\\/schema\\\/logo\\\/image\\\/\"}}]}<\/script>\n<!-- \/ Yoast SEO plugin. -->","yoast_head_json":{"title":"Gr\u00fcne Damen und Herren - Learn To Care","description":"Online Kurse f\u00fcr Freiwillige der Gr\u00fcnen Damen und Herren des EHK Deutschland. Eine modern Form des Lernen.","robots":{"index":"index","follow":"follow","max-snippet":"max-snippet:-1","max-image-preview":"max-image-preview:large","max-video-preview":"max-video-preview:-1"},"canonical":"https:\/\/www.learn-to-care.eu\/it\/gruenedamenundherren\/","og_locale":"it_IT","og_type":"article","og_title":"Gr\u00fcne Damen und Herren - Learn To Care","og_description":"Online Kurse f\u00fcr Freiwillige der Gr\u00fcnen Damen und Herren des EHK Deutschland. Eine modern Form des Lernen.","og_url":"https:\/\/www.learn-to-care.eu\/it\/gruenedamenundherren\/","og_site_name":"Learn To Care","article_modified_time":"2026-05-01T14:29:03+00:00","og_image":[{"width":2400,"height":1260,"url":"https:\/\/www.learn-to-care.eu\/wp-content\/uploads\/sites\/21\/2026\/05\/logo_Design-ohne-Titel.png","type":"image\/png"}],"twitter_card":"summary_large_image","twitter_misc":{"Tempo di lettura stimato":"2 minuti"},"schema":{"@context":"https:\/\/schema.org","@graph":[{"@type":"WebPage","@id":"https:\/\/www.learn-to-care.eu\/gruenedamenundherren\/","url":"https:\/\/www.learn-to-care.eu\/gruenedamenundherren\/","name":"Gr\u00fcne Damen und Herren - Learn To Care","isPartOf":{"@id":"https:\/\/www.learn-to-care.eu\/de\/#website"},"primaryImageOfPage":{"@id":"https:\/\/www.learn-to-care.eu\/gruenedamenundherren\/#primaryimage"},"image":{"@id":"https:\/\/www.learn-to-care.eu\/gruenedamenundherren\/#primaryimage"},"thumbnailUrl":"https:\/\/www.learn-to-care.eu\/wp-content\/uploads\/sites\/21\/2026\/05\/logo_Design-ohne-Titel.png","datePublished":"2025-12-30T15:24:12+00:00","dateModified":"2026-05-01T14:29:03+00:00","description":"Online Kurse f\u00fcr Freiwillige der Gr\u00fcnen Damen und Herren des EHK Deutschland. Eine modern Form des Lernen.","breadcrumb":{"@id":"https:\/\/www.learn-to-care.eu\/gruenedamenundherren\/#breadcrumb"},"inLanguage":"it-IT","potentialAction":[{"@type":"ReadAction","target":["https:\/\/www.learn-to-care.eu\/gruenedamenundherren\/"]}]},{"@type":"ImageObject","inLanguage":"it-IT","@id":"https:\/\/www.learn-to-care.eu\/gruenedamenundherren\/#primaryimage","url":"https:\/\/www.learn-to-care.eu\/wp-content\/uploads\/sites\/21\/2026\/05\/logo_Design-ohne-Titel.png","contentUrl":"https:\/\/www.learn-to-care.eu\/wp-content\/uploads\/sites\/21\/2026\/05\/logo_Design-ohne-Titel.png"},{"@type":"BreadcrumbList","@id":"https:\/\/www.learn-to-care.eu\/gruenedamenundherren\/#breadcrumb","itemListElement":[{"@type":"ListItem","position":1,"name":"Startseite","item":"https:\/\/www.learn-to-care.eu\/"},{"@type":"ListItem","position":2,"name":"Gr\u00fcne Damen und Herren"}]},{"@type":"WebSite","@id":"https:\/\/www.learn-to-care.eu\/de\/#website","url":"https:\/\/www.learn-to-care.eu\/de\/","name":"Learn To Care","description":"Piattaforma di apprendimento da Zeitpolster","publisher":{"@id":"https:\/\/www.learn-to-care.eu\/de\/#organization"},"potentialAction":[{"@type":"SearchAction","target":{"@type":"EntryPoint","urlTemplate":"https:\/\/www.learn-to-care.eu\/de\/?s={search_term_string}"},"query-input":{"@type":"PropertyValueSpecification","valueRequired":true,"valueName":"search_term_string"}}],"inLanguage":"it-IT"},{"@type":"Organization","@id":"https:\/\/www.learn-to-care.eu\/de\/#organization","name":"Learn To Care","url":"https:\/\/www.learn-to-care.eu\/de\/","logo":{"@type":"ImageObject","inLanguage":"it-IT","@id":"https:\/\/www.learn-to-care.eu\/de\/#\/schema\/logo\/image\/","url":"https:\/\/www.learn-to-care.eu\/wp-content\/uploads\/sites\/21\/2023\/02\/cropped-learntocare_logo_gruen-1.png","contentUrl":"https:\/\/www.learn-to-care.eu\/wp-content\/uploads\/sites\/21\/2023\/02\/cropped-learntocare_logo_gruen-1.png","width":1876,"height":1876,"caption":"Learn To Care"},"image":{"@id":"https:\/\/www.learn-to-care.eu\/de\/#\/schema\/logo\/image\/"}}]}},"featured_image_src":null,"featured_image_src_square":null,"uagb_featured_image_src":{"full":false,"thumbnail":false,"medium":false,"medium_large":false,"large":false,"1536x1536":false,"2048x2048":false,"trp-custom-language-flag":false,"gb-block-post-grid-landscape":false,"gb-block-post-grid-square":false,"woocommerce_thumbnail":false,"woocommerce_single":false,"woocommerce_gallery_thumbnail":false},"uagb_author_info":{"display_name":"Gernot Jochum-M\u00fcller","author_link":"https:\/\/www.learn-to-care.eu\/it\/author\/zeitpolster_gernot\/"},"uagb_comment_info":0,"uagb_excerpt":"Wir Gr\u00fcne Damen und Herren vom Verein Evangelische Kranken- und Alten-Hilfe e.V. (eKH) freuen uns, ein digitales Weiterbildungsangebot an dieser Stelle anbieten zu k\u00f6nnen. Unser Wunsch und unsere Aufgabe ist es, unsere Ehrenamtlichen optimal zu unterst\u00fctzen. Hier beginnt nun mehr als ein Online-Kurs oder ein Lernprogramm, hier beginnt eine Reise ins Ehrenamt und in ein&hellip;","_links":{"self":[{"href":"https:\/\/www.learn-to-care.eu\/it\/wp-json\/wp\/v2\/pages\/110587","targetHints":{"allow":["GET"]}}],"collection":[{"href":"https:\/\/www.learn-to-care.eu\/it\/wp-json\/wp\/v2\/pages"}],"about":[{"href":"https:\/\/www.learn-to-care.eu\/it\/wp-json\/wp\/v2\/types\/page"}],"author":[{"embeddable":true,"href":"https:\/\/www.learn-to-care.eu\/it\/wp-json\/wp\/v2\/users\/2"}],"replies":[{"embeddable":true,"href":"https:\/\/www.learn-to-care.eu\/it\/wp-json\/wp\/v2\/comments?post=110587"}],"version-history":[{"count":20,"href":"https:\/\/www.learn-to-care.eu\/it\/wp-json\/wp\/v2\/pages\/110587\/revisions"}],"predecessor-version":[{"id":110980,"href":"https:\/\/www.learn-to-care.eu\/it\/wp-json\/wp\/v2\/pages\/110587\/revisions\/110980"}],"wp:attachment":[{"href":"https:\/\/www.learn-to-care.eu\/it\/wp-json\/wp\/v2\/media?parent=110587"}],"curies":[{"name":"wp","href":"https:\/\/api.w.org\/{rel}","templated":true}]}}